{"id":6054,"date":"2023-02-26T21:35:03","date_gmt":"2023-02-26T21:35:03","guid":{"rendered":"https:\/\/positiveinquiry.com\/ciclo-positive-inquiry\/"},"modified":"2023-07-22T22:04:44","modified_gmt":"2023-07-22T22:04:44","slug":"ciclo-positive-inquiry","status":"publish","type":"page","link":"https:\/\/positiveinquiry.com\/es\/ciclo-positive-inquiry\/","title":{"rendered":"Positive Inquiry\u2122 Cycle"},"content":{"rendered":"\t\t<div data-elementor-type=\"wp-page\" data-elementor-id=\"6054\" class=\"elementor elementor-6054 elementor-465\" data-elementor-post-type=\"page\">\n\t\t\t\t<div class=\"elementor-element elementor-element-1044349 e-flex e-con-boxed e-con e-parent\" data-id=\"1044349\" data-element_type=\"container\" data-e-type=\"container\">\n\t\t\t\t\t<div class=\"e-con-inner\">\n\t\t<div class=\"elementor-element elementor-element-33a7de6 e-con-full e-flex e-con e-parent\" data-id=\"33a7de6\" data-element_type=\"container\" data-e-type=\"container\">\n\t\t<div class=\"elementor-element elementor-element-8ae1fe1 e-flex e-con-boxed e-con e-parent\" data-id=\"8ae1fe1\" data-element_type=\"container\" data-e-type=\"container\">\n\t\t\t\t\t<div class=\"e-con-inner\">\n\t\t\t\t<div class=\"elementor-element elementor-element-20b4d4f elementor-widget__width-initial elementor-widget-mobile__width-initial elementor-widget elementor-widget-text-editor\" data-id=\"20b4d4f\" data-element_type=\"widget\" data-e-type=\"widget\" data-widget_type=\"text-editor.default\">\n\t\t\t\t<div class=\"elementor-widget-container\">\n\t\t\t\t\t\t\t\t\t<p>El Ciclo de Positive Inquiry\u2122 (PI) (Indagaci\u00f3n Positiva) es un marco utilizado en el desarrollo organizativo y la gesti\u00f3n del cambio. Proporciona un proceso estructurado para implicar a todo el sistema humano en un enfoque positivo y basado en los puntos con fortalezas para el cambio, centr\u00e1ndose en lo que ya funciona bien dentro de una organizaci\u00f3n. <span style=\"color: var( --e-global-color-primary ); text-align: var(--text-align);\">Fomenta la participaci\u00f3n activa, la colaboraci\u00f3n y el sentido de pertenencia a lo largo de todo el proceso de cambio, implicando a las partes interesadas en el descubrimiento de puntos fuertes, la previsi\u00f3n de posibilidades, el dise\u00f1o de acciones y la obtenci\u00f3n de resultados.<\/span><\/p>\n<p>El Ciclo PI forma parte de <a style=\"text-align: var(--text-align); background-color: #ffffff;\" href=\"https:\/\/roundmap.com\" target=\"_blank\" rel=\"noopener\">RoundMap\u2122<\/a>.<span style=\"text-align: var(--text-align); color: var( --e-global-color-primary );\">un marco de vanguardia para el desarrollo y el cambio organizativos. RoundMap\u2122 es el resultado de a\u00f1os de estudio para descubrir las causas profundas del aislamiento y la alienaci\u00f3n. Estos factores obstaculizan notoriamente la capacidad de una empresa para adaptarse e innovar con rapidez y eficacia.<\/span><\/p>\n<p><span style=\"text-align: var(--text-align); color: var( --e-global-color-primary );\">El Ciclo PI<\/span><span style=\"text-align: var(--text-align); color: var( --e-global-color-primary );\"> se aplica con \u00e9xito en empresas de la lista Fortune 500 en colaboraci\u00f3n con KERN, una <\/span><a style=\"text-align: var(--text-align); background-color: #ffffff;\" href=\"https:\/\/www.prnewswire.com\/news-releases\/omnicom-group-reports-fourth-quarter-and-full-year-2022-results-301741220.html\" target=\"_blank\" rel=\"noopener\">agencia del Grupo Omnicom<\/a><span style=\"text-align: var(--text-align); color: var( --e-global-color-primary );\">, y los fundadores del cambio positivo, los profesores David Cooperrider y Ronald Fry.<\/span><\/p>\n\t\t\t\t\t\t\t\t<\/div>\n\t\t\t\t<\/div>\n\t\t\t\t\t<\/div>\n\t\t\t\t<\/div>\n\t\t\t\t<div class=\"elementor-element elementor-element-c25f678 elementor-widget elementor-widget-image\" data-id=\"c25f678\" data-element_type=\"widget\" data-e-type=\"widget\" data-widget_type=\"image.default\">\n\t\t\t\t<div class=\"elementor-widget-container\">\n\t\t\t\t\t\t\t\t\t\t\t\t\t\t\t\t<a href=\"https:\/\/positiveinquiry.com\/wp-content\/uploads\/2023\/06\/ROUNDMAP_Positive_Inquiry_Cycle_Copyright_Protected_2023.pdf\" target=\"_blank\">\n\t\t\t\t\t\t\t<img fetchpriority=\"high\" decoding=\"async\" width=\"2100\" height=\"1470\" src=\"https:\/\/positiveinquiry.com\/wp-content\/uploads\/2023\/06\/ROUNDMAP_Positive_Inquiry_Cycle_Copyright_Protected_2023.png\" class=\"attachment-full size-full wp-image-5913\" alt=\"\" srcset=\"https:\/\/positiveinquiry.com\/wp-content\/uploads\/2023\/06\/ROUNDMAP_Positive_Inquiry_Cycle_Copyright_Protected_2023.png 2100w, https:\/\/positiveinquiry.com\/wp-content\/uploads\/2023\/06\/ROUNDMAP_Positive_Inquiry_Cycle_Copyright_Protected_2023-300x210.png 300w, https:\/\/positiveinquiry.com\/wp-content\/uploads\/2023\/06\/ROUNDMAP_Positive_Inquiry_Cycle_Copyright_Protected_2023-1024x717.png 1024w, https:\/\/positiveinquiry.com\/wp-content\/uploads\/2023\/06\/ROUNDMAP_Positive_Inquiry_Cycle_Copyright_Protected_2023-768x538.png 768w, https:\/\/positiveinquiry.com\/wp-content\/uploads\/2023\/06\/ROUNDMAP_Positive_Inquiry_Cycle_Copyright_Protected_2023-1536x1075.png 1536w, https:\/\/positiveinquiry.com\/wp-content\/uploads\/2023\/06\/ROUNDMAP_Positive_Inquiry_Cycle_Copyright_Protected_2023-2048x1434.png 2048w\" sizes=\"(max-width: 2100px) 100vw, 2100px\" \/>\t\t\t\t\t\t\t\t<\/a>\n\t\t\t\t\t\t\t\t\t\t\t\t\t\t\t<\/div>\n\t\t\t\t<\/div>\n\t\t\t\t<div class=\"elementor-element elementor-element-de1e5ef elementor-widget elementor-widget-heading\" data-id=\"de1e5ef\" data-element_type=\"widget\" data-e-type=\"widget\" data-widget_type=\"heading.default\">\n\t\t\t\t<div class=\"elementor-widget-container\">\n\t\t\t\t\t<h2 class=\"elementor-heading-title elementor-size-default\">Resultados del ciclo PI<\/h2>\t\t\t\t<\/div>\n\t\t\t\t<\/div>\n\t\t\t\t<div class=\"elementor-element elementor-element-9894656 elementor-widget elementor-widget-text-editor\" data-id=\"9894656\" data-element_type=\"widget\" data-e-type=\"widget\" data-widget_type=\"text-editor.default\">\n\t\t\t\t<div class=\"elementor-widget-container\">\n\t\t\t\t\t\t\t\t\t<p>El m\u00e9todo del Ciclo PI conduce a una generaci\u00f3n colectiva de v\u00edas factibles, deseables, viables y sostenibles hacia el futuro. El m\u00e9todo ayudar\u00e1 a su empresa a planificar mejor, responder m\u00e1s r\u00e1pido e innovar con mayor eficacia. Permitir\u00e1 a su empresa adaptarse m\u00e1s r\u00e1pidamente, capitalizar y prosperar en un clima de r\u00e1pidos cambios.<\/p>\n\t\t\t\t\t\t\t\t<\/div>\n\t\t\t\t<\/div>\n\t\t\t\t<div class=\"elementor-element elementor-element-2528c0b elementor-widget elementor-widget-heading\" data-id=\"2528c0b\" data-element_type=\"widget\" data-e-type=\"widget\" data-widget_type=\"heading.default\">\n\t\t\t\t<div class=\"elementor-widget-container\">\n\t\t\t\t\t<h2 class=\"elementor-heading-title elementor-size-default\">M\u00e9todo del ciclo PI<\/h2>\t\t\t\t<\/div>\n\t\t\t\t<\/div>\n\t\t\t\t<div class=\"elementor-element elementor-element-0799a8d elementor-widget elementor-widget-text-editor\" data-id=\"0799a8d\" data-element_type=\"widget\" data-e-type=\"widget\" data-widget_type=\"text-editor.default\">\n\t\t\t\t<div class=\"elementor-widget-container\">\n\t\t\t\t\t\t\t\t\t<p>El m\u00e9todo del Ciclo PI conduce a una comprensi\u00f3n compartida de los puntos fuertes, los valores y las creencias fundamentales de la organizaci\u00f3n. Con una esperanza renovada, el m\u00e9todo eleva la organizaci\u00f3n a un terreno m\u00e1s elevado imaginando lo que podr\u00eda y deber\u00eda ser posible. Los equipos codesarrollar\u00e1n innovaciones, pondr\u00e1n a prueba su viabilidad y aplicar\u00e1n las que tengan m\u00e1s probabilidades de generar un crecimiento sostenido.<\/p>\n<p>El Ciclo PI en cuatro sencillos pasos:<\/p>\n<ol>\n<li><b>CAMBIAR HACIA ADENTRO<\/b> | Explorar la viabilidad: <i>Reflexionar sobre las causas del \u00e9xito pasado y presente.<\/i><\/li>\n<li><b>CAMBIO HACIA ARRIBA<\/b> | Explorar la deseabilidad: <i>Imaginar y co-dise\u00f1ar lo que es posible.<\/i><\/li>\n<li><b>CAMBIO HACIA EL EXTERIOR<\/b> | Explorar la viabilidad: <i>Validar las propuestas e identificar los cambios necesarios.<\/i><\/li>\n<li><b>CAMBIAR HACIA ADELANTE<\/b> | Explorar la sostenibilidad: <i>Implementar el cambio para obtener el valor generado.<\/i><\/li>\n<\/ol>\n\t\t\t\t\t\t\t\t<\/div>\n\t\t\t\t<\/div>\n\t\t\t\t<div class=\"elementor-element elementor-element-76ffe32 elementor-widget elementor-widget-heading\" data-id=\"76ffe32\" data-element_type=\"widget\" data-e-type=\"widget\" data-widget_type=\"heading.default\">\n\t\t\t\t<div class=\"elementor-widget-container\">\n\t\t\t\t\t<h2 class=\"elementor-heading-title elementor-size-default\">Whole System (Sistema Integral)<\/h2>\t\t\t\t<\/div>\n\t\t\t\t<\/div>\n\t\t\t\t<div class=\"elementor-element elementor-element-f77eede elementor-widget elementor-widget-text-editor\" data-id=\"f77eede\" data-element_type=\"widget\" data-e-type=\"widget\" data-widget_type=\"text-editor.default\">\n\t\t\t\t<div class=\"elementor-widget-container\">\n\t\t\t\t\t\t\t\t\t<p><i>\u00bfQu\u00e9 significa Whole System?<\/i><\/p>\n\t\t\t\t\t\t\t\t<\/div>\n\t\t\t\t<\/div>\n\t\t\t\t<div class=\"elementor-element elementor-element-1dbb7bb elementor-widget elementor-widget-text-editor\" data-id=\"1dbb7bb\" data-element_type=\"widget\" data-e-type=\"widget\" data-widget_type=\"text-editor.default\">\n\t\t\t\t<div class=\"elementor-widget-container\">\n\t\t\t\t\t\t\t\t\t<p><span style=\"text-align: var(--text-align); color: var( --e-global-color-primary );\">El sistema en su conjunto tiene dos significados: (1) incorpora a las partes interesadas, incluidos la direcci\u00f3n, la gerencia, los empleados, los socios estrat\u00e9gicos, los proveedores y los clientes. Y (2) considera la organizaci\u00f3n como un todo, una entidad integrada  <\/span><i style=\"text-align: var(--text-align); color: var( --e-global-color-primary );\">definido<\/i><span style=\"text-align: var(--text-align); color: var( --e-global-color-primary );\"> y <\/span><i style=\"text-align: var(--text-align); color: var( --e-global-color-primary );\">limitado<\/i><span style=\"text-align: var(--text-align); color: var( --e-global-color-primary );\">por las interacciones entre sus partes.<\/span><\/p>\n\t\t\t\t\t\t\t\t<\/div>\n\t\t\t\t<\/div>\n\t\t\t\t<div class=\"elementor-element elementor-element-01425e0 elementor-widget elementor-widget-text-editor\" data-id=\"01425e0\" data-element_type=\"widget\" data-e-type=\"widget\" data-widget_type=\"text-editor.default\">\n\t\t\t\t<div class=\"elementor-widget-container\">\n\t\t\t\t\t\t\t\t\t<p><i style=\"color: var( --e-global-color-primary ); text-align: var(--text-align);\">\u00bfPor qu\u00e9 debemos implicar a todo el sistema en el cambio transformador?<\/i><\/p>\n\t\t\t\t\t\t\t\t<\/div>\n\t\t\t\t<\/div>\n\t\t\t\t<div class=\"elementor-element elementor-element-d4c97e1 elementor-widget elementor-widget-text-editor\" data-id=\"d4c97e1\" data-element_type=\"widget\" data-e-type=\"widget\" data-widget_type=\"text-editor.default\">\n\t\t\t\t<div class=\"elementor-widget-container\">\n\t\t\t\t\t\t\t\t\t<p>El cambio transformacional apunta a la aparici\u00f3n de un estado completamente nuevo impulsado por un cambio en lo que se considera posible o necesario. Esto podr\u00eda dar lugar a una estructura, una cultura o un nivel de rendimiento profundamente diferentes. Esto afectar\u00e1 a todos los silos y niveles de la organizaci\u00f3n. Por tanto, la voz de todos debe ser escuchada. El cambio transformador no es ni descendente, ni ascendente, ni intermedio, sino que surge del conjunto.<\/p>\n\t\t\t\t\t\t\t\t<\/div>\n\t\t\t\t<\/div>\n\t\t\t\t<div class=\"elementor-element elementor-element-6c6346d elementor-widget elementor-widget-text-editor\" data-id=\"6c6346d\" data-element_type=\"widget\" data-e-type=\"widget\" data-widget_type=\"text-editor.default\">\n\t\t\t\t<div class=\"elementor-widget-container\">\n\t\t\t\t\t\t\t\t\t<p><i style=\"color: var( --e-global-color-primary ); text-align: var(--text-align);\">\u00bfC\u00f3mo nos ayuda esto a prepararnos y prosperar durante una recesi\u00f3n?<\/i><\/p>\n\t\t\t\t\t\t\t\t<\/div>\n\t\t\t\t<\/div>\n\t\t\t\t<div class=\"elementor-element elementor-element-ab69994 elementor-widget elementor-widget-text-editor\" data-id=\"ab69994\" data-element_type=\"widget\" data-e-type=\"widget\" data-widget_type=\"text-editor.default\">\n\t\t\t\t<div class=\"elementor-widget-container\">\n\t\t\t\t\t\t\t\t\t<p>Una investigaci\u00f3n de McKinsey sobre lo que hizo que las empresas sobrevivieran a la recesi\u00f3n provocada por la <a style=\"text-align: var(--text-align); background-color: #ffffff;\" href=\"https:\/\/en.wikipedia.org\/wiki\/1973_oil_crisis\" target=\"_blank\" rel=\"noopener\">crisis del petr\u00f3leo de<\/a> 1973 ofrece algunas respuestas sobre c\u00f3mo su empresa puede salir victoriosa de las crisis. Sin embargo, hace 50 a\u00f1os, la velocidad del cambio era mucho menor y la competencia no era tan global. Lo digital ni siquiera estaba en nuestro radar, y el deseo de encontrar sentido al trabajo apenas era un problema.<\/p>\n<p><span style=\"text-align: var(--text-align); color: var( --e-global-color-primary );\">En retrospectiva, las empresas mejor gestionadas, descritas en el best-seller <\/span><a style=\"text-align: var(--text-align); background-color: #ffffff;\" href=\"https:\/\/www.amazon.com\/Search-Excellence-Americas-Best-Run-Companies\/dp\/0060548789\" target=\"_blank\" rel=\"noopener\">En busca de la excelencia<\/a><span style=\"text-align: var(--text-align); color: var( --e-global-color-primary );\">estaban inventando la innovaci\u00f3n \u00e1gil. Sin embargo, la idea dominante en la comunidad empresarial era que hab\u00eda que defender la continuidad a toda costa. Hab\u00eda que contener a los disruptores, personas con ideas frescas sobre nuevas oportunidades de negocio. En consecuencia, estas ideas tuvieron que desarrollarse en modo sigiloso \u2500 ocultas a la direcci\u00f3n y al resto de la empresa.<\/span><\/p>\n<p><span style=\"color: var( --e-global-color-primary ); text-align: var(--text-align);\">En las condiciones actuales, el cambio que deben hacer las empresas es mucho m\u00e1s complejo. Sin embargo, nadie en la organizaci\u00f3n es lo suficientemente inteligente como para supervisar toda la operaci\u00f3n. Pero juntos pueden. Y debe hacerlo, si piensa superar las interrupciones.<\/span><\/p>\n<p><span style=\"color: var( --e-global-color-primary ); text-align: var(--text-align);\">Combinar nuestro enfoque de sistema completo con un modo de innovaci\u00f3n \u00e1gil ofrece lo mejor de ambos mundos. En lugar de hacer la vista gorda a la innovaci\u00f3n, la Investigaci\u00f3n Positiva pretende aprovechar la capacidad generativa de toda la organizaci\u00f3n. Presentar las innovaciones m\u00e1s viables para que todos las vean, disfruten y apoyen. Y hacerlo a la mayor velocidad posible.<\/span><\/p>\n\t\t\t\t\t\t\t\t<\/div>\n\t\t\t\t<\/div>\n\t\t\t\t<div class=\"elementor-element elementor-element-fd9d52f elementor-widget elementor-widget-heading\" data-id=\"fd9d52f\" data-element_type=\"widget\" data-e-type=\"widget\" data-widget_type=\"heading.default\">\n\t\t\t\t<div class=\"elementor-widget-container\">\n\t\t\t\t\t<h2 class=\"elementor-heading-title elementor-size-default\">Ciclo de cambio<\/h2>\t\t\t\t<\/div>\n\t\t\t\t<\/div>\n\t\t\t\t<div class=\"elementor-element elementor-element-84751bc elementor-widget elementor-widget-text-editor\" data-id=\"84751bc\" data-element_type=\"widget\" data-e-type=\"widget\" data-widget_type=\"text-editor.default\">\n\t\t\t\t<div class=\"elementor-widget-container\">\n\t\t\t\t\t\t\t\t\t<p><i>\u00bfPor qu\u00e9 debemos considerar que el cambio es un proceso c\u00edclico?<\/i><\/p>\n\t\t\t\t\t\t\t\t<\/div>\n\t\t\t\t<\/div>\n\t\t\t\t<div class=\"elementor-element elementor-element-d77dc46 elementor-widget elementor-widget-text-editor\" data-id=\"d77dc46\" data-element_type=\"widget\" data-e-type=\"widget\" data-widget_type=\"text-editor.default\">\n\t\t\t\t<div class=\"elementor-widget-container\">\n\t\t\t\t\t\t\t\t\t<p>Las precarias condiciones econ\u00f3micas, geopol\u00edticas y de mercado actuales exigen un enfoque r\u00e1pido y pr\u00e1ctico del desarrollo y el cambio organizativos. Sab\u00edamos que estas condiciones volver\u00edan, ya que son c\u00edclicas desde hace mucho tiempo. Las empresas pueden superar la mayor\u00eda de los retos aplicando las ense\u00f1anzas de recesiones anteriores combinadas con la Investigaci\u00f3n Positiva.<\/p>\n<p><span style=\"color: var( --e-global-color-primary ); text-align: var(--text-align);\">Adem\u00e1s, al proceder de una era industrial centrada en el valor a largo plazo para el accionista, tendemos a ver el progreso como algo lineal debido a la duraci\u00f3n del ciclo de vida. Esta falsa noci\u00f3n de continuidad sin perturbaciones puede llevar a la complacencia, haciendo que se pasen por alto o se ignoren las se\u00f1ales de perturbaci\u00f3n inminente.<\/span><\/p>\n<p><span style=\"color: var( --e-global-color-primary ); text-align: var(--text-align);\">Hoy en d\u00eda, los ciclos de vida son mucho m\u00e1s cortos debido a la velocidad cada vez mayor de los cambios. Los ciclos de aprendizaje r\u00e1pido deben alimentar la  <\/span><span style=\"color: var( --e-global-color-primary ); text-align: var(--text-align);\"> Ciclo<\/span> 4C<span style=\"color: var( --e-global-color-primary ); text-align: var(--text-align);\"> para mejoras pr\u00e1cticas, adaptaci\u00f3n r\u00e1pida, innovaci\u00f3n continua o cambio transformador.<\/span><\/p>\n\t\t\t\t\t\t\t\t<\/div>\n\t\t\t\t<\/div>\n\t\t\t\t<div class=\"elementor-element elementor-element-40d6d61 elementor-widget elementor-widget-heading\" data-id=\"40d6d61\" data-element_type=\"widget\" data-e-type=\"widget\" data-widget_type=\"heading.default\">\n\t\t\t\t<div class=\"elementor-widget-container\">\n\t\t\t\t\t<h2 class=\"elementor-heading-title elementor-size-default\">Investigaci\u00f3n<\/h2>\t\t\t\t<\/div>\n\t\t\t\t<\/div>\n\t\t\t\t<div class=\"elementor-element elementor-element-e62caf2 elementor-widget elementor-widget-text-editor\" data-id=\"e62caf2\" data-element_type=\"widget\" data-e-type=\"widget\" data-widget_type=\"text-editor.default\">\n\t\t\t\t<div class=\"elementor-widget-container\">\n\t\t\t\t\t\t\t\t\t<p><i>\u00bfPor qu\u00e9 debemos considerar un enfoque sist\u00e9mico del cambio?<\/i><\/p>\n\t\t\t\t\t\t\t\t<\/div>\n\t\t\t\t<\/div>\n\t\t\t\t<div class=\"elementor-element elementor-element-b49a9de elementor-widget elementor-widget-text-editor\" data-id=\"b49a9de\" data-element_type=\"widget\" data-e-type=\"widget\" data-widget_type=\"text-editor.default\">\n\t\t\t\t<div class=\"elementor-widget-container\">\n\t\t\t\t\t\t\t\t\t<p><a style=\"text-align: var(--text-align); background-color: #ffffff;\" href=\"https:\/\/hbr.org\/2023\/05\/employees-are-losing-patience-with-change-initiatives\" target=\"_blank\" rel=\"noopener\">Una investigaci\u00f3n realizada por Gartner en 2022<\/a> revel\u00f3 que <strong style=\"text-align: var(--text-align); color: var( --e-global-color-primary );\">la disposici\u00f3n de los empleados a apoyar el cambio empresarial se desplom\u00f3 a solo el 43 % en 2022<\/strong>, frente al 75 % en 2016. Sorprendentemente, el 75% de las organizaciones adoptan un enfoque descendente del cambio. Los l\u00edderes establecen la estrategia de cambio, crean hojas de ruta detalladas para la implantaci\u00f3n y despliegan un gran volumen de comunicaciones sobre el cambio. Teniendo en cuenta estas cifras, \u00bfes sorprendente que <a href=\"https:\/\/www.mckinsey.com\/capabilities\/transformation\/our-insights\/why-do-most-transformations-fail-a-conversation-with-harry-robinson\" target=\"_blank\" rel=\"noopener\">el 70% de las transformaciones empresariales fracasen<\/a>?<\/p>\n<p><span style=\"text-align: var(--text-align); color: var( --e-global-color-primary );\">Adem\u00e1s, seg\u00fan <\/span><a style=\"text-align: var(--text-align); background-color: #ffffff;\" href=\"https:\/\/hbr.org\/2023\/05\/more-than-50-of-managers-feel-burned-out\" target=\"_blank\" rel=\"noopener\">\u00cdndice de Tendencias Laborales de Microsoft<\/a><span style=\"text-align: var(--text-align); color: var( --e-global-color-primary );\"> \u2500 una encuesta global a trabajadores de m\u00faltiples sectores y empresas, publicada en septiembre de 2022 \u2500 <\/span><strong style=\"text-align: var(--text-align); color: var( --e-global-color-primary );\">m\u00e1s de la mitad de los directivos (53%) afirman sentirse quemados en el trabajo<\/strong><span style=\"text-align: var(--text-align); color: var( --e-global-color-primary );\">. \u00bfCu\u00e1nto m\u00e1s pueden soportar los directivos?<\/span><\/p>\n<blockquote>\n<p><a style=\"font-size: 1rem; font-style: italic; text-align: var(--text-align);\" href=\"https:\/\/www.mckinsey.com\/capabilities\/strategy-and-corporate-finance\/our-insights\/six-ceo-priorities-for-2023\" target=\"_blank\" rel=\"noopener\">Liz Hilton Segel, de McKinsey<\/a>: \u00abEl mundo es diferente. Como Director General, tu trabajo consiste en priorizar. Lo primero que hay que tener en cuenta es <a style=\"font-size: 1rem; font-style: italic; text-align: var(--text-align);\" href=\"https:\/\/www.mckinsey.com\/capabilities\/risk-and-resilience\/our-insights\/how-three-global-companies-navigate-geopolitical-risk-to-build-resilience\" target=\"_blank\" rel=\"noopener\">la capacidad de resistencia<\/a><span style=\"background-color: #fafafa; font-size: 1rem; font-style: italic; text-align: var(--text-align); color: var( --e-global-color-primary );\">  como m\u00fasculo organizativo. La segunda es una mentalidad valiente hacia el cambio: inclinarse hacia el cambio en lugar de alejarse de \u00e9l. A continuaci\u00f3n, la tecnolog\u00eda, que debe considerarse la base del crecimiento. El \u00e9nfasis en la tecnolog\u00eda est\u00e1 relacionado con la creaci\u00f3n de nuevas empresas y el aprovechamiento de otros cambios, como la transici\u00f3n energ\u00e9tica. Los directores ejecutivos no deben levantar el pie del acelerador en lo que respecta a la red cero y deben continuar los avances que vemos en todos los sectores\u00bb.<\/span><\/p>\n<\/blockquote>\n<p><\/p>\n\t\t\t\t\t\t\t\t<\/div>\n\t\t\t\t<\/div>\n\t\t\t\t<\/div>\n\t\t\t\t\t<\/div>\n\t\t\t\t<\/div>\n\t\t\t\t<\/div>\n\t\t","protected":false},"excerpt":{"rendered":"<p>El Ciclo de Positive Inquiry\u2122 (PI) (Indagaci\u00f3n Positiva) es un marco utilizado en el desarrollo organizativo y la gesti\u00f3n del cambio. Proporciona un proceso estructurado para implicar a todo el sistema humano en un enfoque positivo y basado en los puntos con fortalezas para el cambio, centr\u00e1ndose en lo que ya funciona bien dentro de [&hellip;]<\/p>\n","protected":false},"author":1,"featured_media":5683,"parent":0,"menu_order":0,"comment_status":"closed","ping_status":"closed","template":"","meta":{"content-type":"","footnotes":""},"class_list":["post-6054","page","type-page","status-publish","has-post-thumbnail","hentry"],"_links":{"self":[{"href":"https:\/\/positiveinquiry.com\/es\/wp-json\/wp\/v2\/pages\/6054","targetHints":{"allow":["GET"]}}],"collection":[{"href":"https:\/\/positiveinquiry.com\/es\/wp-json\/wp\/v2\/pages"}],"about":[{"href":"https:\/\/positiveinquiry.com\/es\/wp-json\/wp\/v2\/types\/page"}],"author":[{"embeddable":true,"href":"https:\/\/positiveinquiry.com\/es\/wp-json\/wp\/v2\/users\/1"}],"replies":[{"embeddable":true,"href":"https:\/\/positiveinquiry.com\/es\/wp-json\/wp\/v2\/comments?post=6054"}],"version-history":[{"count":0,"href":"https:\/\/positiveinquiry.com\/es\/wp-json\/wp\/v2\/pages\/6054\/revisions"}],"wp:featuredmedia":[{"embeddable":true,"href":"https:\/\/positiveinquiry.com\/es\/wp-json\/wp\/v2\/media\/5683"}],"wp:attachment":[{"href":"https:\/\/positiveinquiry.com\/es\/wp-json\/wp\/v2\/media?parent=6054"}],"curies":[{"name":"wp","href":"https:\/\/api.w.org\/{rel}","templated":true}]}}