{"id":6023,"date":"2023-06-02T14:27:28","date_gmt":"2023-06-02T14:27:28","guid":{"rendered":"https:\/\/positiveinquiry.com\/motor-de-ingresos-roundmap\/"},"modified":"2023-08-15T15:21:04","modified_gmt":"2023-08-15T15:21:04","slug":"motor-de-ingresos-roundmap","status":"publish","type":"page","link":"https:\/\/positiveinquiry.com\/es\/motor-de-ingresos-roundmap\/","title":{"rendered":"Motor de ingresos RoundMap\u2122"},"content":{"rendered":"\t\t<div data-elementor-type=\"wp-page\" data-elementor-id=\"6023\" class=\"elementor elementor-6023 elementor-3701\" data-elementor-post-type=\"page\">\n\t\t\t\t<div class=\"elementor-element elementor-element-1ad6134 e-flex e-con-boxed e-con e-parent\" data-id=\"1ad6134\" data-element_type=\"container\" data-e-type=\"container\">\n\t\t\t\t\t<div class=\"e-con-inner\">\n\t\t\t\t<div class=\"elementor-element elementor-element-2a5be16 elementor-widget elementor-widget-text-editor\" data-id=\"2a5be16\" data-element_type=\"widget\" data-e-type=\"widget\" data-widget_type=\"text-editor.default\">\n\t\t\t\t<div class=\"elementor-widget-container\">\n\t\t\t\t\t\t\t\t\t<p>Un motor de ingresos es lo que impulsa el modelo de ingresos. Para pasar de un motor de ingresos regulares a un motor de ingresos continuos, debemos incorporar los principios de la <a href=\"https:\/\/positiveinquiry.com\/cyclical\/\" target=\"_blank\" rel=\"noopener\">gesti\u00f3n c\u00edclica<\/a>. Veamos las caracter\u00edsticas de un motor de ingresos regular antes de considerar uno continuo.<\/p>\n\t\t\t\t\t\t\t\t<\/div>\n\t\t\t\t<\/div>\n\t\t\t\t<div class=\"elementor-element elementor-element-7e81b31 elementor-widget elementor-widget-heading\" data-id=\"7e81b31\" data-element_type=\"widget\" data-e-type=\"widget\" data-widget_type=\"heading.default\">\n\t\t\t\t<div class=\"elementor-widget-container\">\n\t\t\t\t\t<h2 class=\"elementor-heading-title elementor-size-default\">Motor de ingresos<\/h2>\t\t\t\t<\/div>\n\t\t\t\t<\/div>\n\t\t\t\t<div class=\"elementor-element elementor-element-f47148a elementor-widget elementor-widget-text-editor\" data-id=\"f47148a\" data-element_type=\"widget\" data-e-type=\"widget\" data-widget_type=\"text-editor.default\">\n\t\t\t\t<div class=\"elementor-widget-container\">\n\t\t\t\t\t\t\t\t\t<p>Un motor de ingresos es el marco estrat\u00e9gico y operativo que impulsa las actividades de generaci\u00f3n de ingresos de una organizaci\u00f3n. Abarca los procesos, sistemas y actividades dise\u00f1ados para atraer clientes, convertir clientes potenciales en ventas y generar ingresos para la empresa. Un motor de ingresos se asocia a menudo con las funciones de ventas y marketing e implica varios componentes interconectados que trabajan juntos para impulsar el crecimiento de los ingresos.<\/p>\n<p>Los elementos clave de un motor de ingresos pueden incluir:<\/p>\n<ol>\n<li><b>Generaci\u00f3n de clientes potenciales<\/b>: El motor de los ingresos comienza con la atracci\u00f3n de clientes potenciales o leads a la empresa. Esto puede implicar actividades de marketing como publicidad, creaci\u00f3n de contenidos, optimizaci\u00f3n de motores de b\u00fasqueda (SEO), marketing en redes sociales y campa\u00f1as de generaci\u00f3n de contactos.<\/li>\n<li><b>Nutrici\u00f3n de clientes potenciales<\/b>: Una vez generados los leads, el motor de ingresos se centra en nutrir esos leads y construir relaciones. Esto incluye actividades como la puntuaci\u00f3n de clientes potenciales, la cualificaci\u00f3n de clientes potenciales, la comunicaci\u00f3n personalizada y las campa\u00f1as de marketing espec\u00edficas para hacer avanzar a los clientes potenciales por el embudo de ventas.<\/li>\n<li><b>Proceso de ventas<\/b>: El motor de ingresos incorpora un proceso de ventas bien definido para convertir clientes potenciales en clientes de pago. Esto puede implicar prospecci\u00f3n, an\u00e1lisis de necesidades, presentaciones, negociaci\u00f3n y cierre de tratos. Los equipos de ventas suelen utilizar sistemas de gesti\u00f3n de las relaciones con los clientes (CRM) para seguir y gestionar los procesos de venta.<\/li>\n<li><b>Retenci\u00f3n de clientes y ventas adicionales<\/b>: Un motor de ingresos reconoce la importancia de retener a los clientes y de obtener ingresos adicionales de los clientes existentes. Incluye estrategias e iniciativas para fomentar la fidelidad de los clientes, ofrecer un excelente servicio de atenci\u00f3n al cliente e identificar oportunidades de venta cruzada o ascendente.<\/li>\n<li><b>M\u00e9tricas y an\u00e1lisis<\/b>: Un motor de ingresos eficaz se basa en datos y an\u00e1lisis para realizar un seguimiento del rendimiento, medir las m\u00e9tricas clave y tomar decisiones basadas en datos. Esto puede implicar la supervisi\u00f3n de las tasas de conversi\u00f3n, los costes de adquisici\u00f3n de clientes, el valor vitalicio y otros KPI relevantes para optimizar los esfuerzos de generaci\u00f3n de ingresos.<\/li>\n<li><b>Mejora continua<\/b>: Un motor de ingresos es un proceso iterativo y din\u00e1mico que busca constantemente mejorar el rendimiento. Implica analizar los resultados, identificar \u00e1reas de mejora, probar nuevas estrategias y perfeccionar el enfoque de generaci\u00f3n de ingresos bas\u00e1ndose en los comentarios y las ideas.<\/li>\n<\/ol>\n<p>En general, un motor de ingresos es un enfoque hol\u00edstico que alinea los esfuerzos de ventas, marketing y \u00e9xito para generar ingresos para una organizaci\u00f3n. Se centra en integrar diversos componentes del proceso de generaci\u00f3n de ingresos y optimizarlos para impulsar el crecimiento sostenible y el \u00e9xito financiero.<\/p>\n\t\t\t\t\t\t\t\t<\/div>\n\t\t\t\t<\/div>\n\t\t\t\t<div class=\"elementor-element elementor-element-c863e0b elementor-widget elementor-widget-heading\" data-id=\"c863e0b\" data-element_type=\"widget\" data-e-type=\"widget\" data-widget_type=\"heading.default\">\n\t\t\t\t<div class=\"elementor-widget-container\">\n\t\t\t\t\t<h2 class=\"elementor-heading-title elementor-size-default\">Continuous Revenue Engine\u2122 (Motor de ingresos continuos).<\/h2>\t\t\t\t<\/div>\n\t\t\t\t<\/div>\n\t\t\t\t<div class=\"elementor-element elementor-element-4ad9743 elementor-widget elementor-widget-text-editor\" data-id=\"4ad9743\" data-element_type=\"widget\" data-e-type=\"widget\" data-widget_type=\"text-editor.default\">\n\t\t\t\t<div class=\"elementor-widget-container\">\n\t\t\t\t\t\t\t\t\t<p>Un motor de ingresos continuo tiene en cuenta la din\u00e1mica de la gesti\u00f3n c\u00edclica y pretende mantener la generaci\u00f3n de ingresos a lo largo de las distintas fases de los ciclos empresariales. Reconoce que las empresas pueden experimentar fluctuaciones en la demanda, las condiciones del mercado y los ciclos econ\u00f3micos. He aqu\u00ed algunas consideraciones para construir un motor de ingresos continuos al tiempo que se gestiona la din\u00e1mica c\u00edclica:<\/p>\n<ol>\n<li>\n<p><b>Diversificar las fuentes de ingresos:<\/b> Para mitigar el impacto de las fluctuaciones c\u00edclicas, es esencial diversificar las fuentes de ingresos. Explore oportunidades para ofrecer productos o servicios complementarios que atiendan a diferentes segmentos de mercado o industrias. Esto puede ayudar a equilibrar la generaci\u00f3n de ingresos durante las distintas fases del ciclo empresarial.<\/p>\n<\/li>\n<li>\n<p><b>Estudios y previsiones de mercado<\/b>: Mant\u00e9ngase informado sobre las tendencias del mercado, las previsiones del sector y los indicadores econ\u00f3micos. Realice estudios de mercado peri\u00f3dicos para anticiparse a los cambios en la demanda de los clientes y ajustar en consecuencia sus estrategias de generaci\u00f3n de ingresos. Esto puede ayudarle a responder de forma proactiva a las fluctuaciones c\u00edclicas y a identificar oportunidades de crecimiento.<\/p>\n<\/li>\n<li>\n<p><b>Flexibilidad de precios y envases:<\/b> Considere la posibilidad de ofrecer opciones flexibles de precios y envases para adaptarse a las condiciones cambiantes del mercado. En \u00e9pocas de recesi\u00f3n o ralentizaci\u00f3n, explore opciones como descuentos, ofertas promocionales o paquetes de productos y servicios para incentivar a los clientes y mantener el flujo de ingresos. Eval\u00fae la demanda del mercado y ajuste los precios para captar valor adicional durante las fases alcistas.<\/p>\n<\/li>\n<li>\n<p><b>Retenci\u00f3n de clientes y upselling<\/b>: Cree v\u00ednculos s\u00f3lidos con los clientes para fomentar la fidelidad y la retenci\u00f3n. Durante las crisis c\u00edclicas, d\u00e9 prioridad a los esfuerzos de retenci\u00f3n de clientes para mantener una base de ingresos estable. Adem\u00e1s, identifique oportunidades para realizar ventas adicionales o cruzadas a los clientes existentes, ya que probablemente ser\u00e1n m\u00e1s receptivos a productos o servicios adicionales.<\/p>\n<\/li>\n<li>\n<p><b>Estrategias \u00e1giles de marketing y ventas<\/b>: Adopte estrategias \u00e1giles de marketing y ventas que permitan flexibilidad y ajustes r\u00e1pidos a la cambiante din\u00e1mica del mercado. Supervise las tendencias del mercado, las necesidades de los clientes y las actividades de la competencia para adaptar sus mensajes, su p\u00fablico objetivo y sus canales de marketing seg\u00fan sea necesario. Alinee los esfuerzos de su equipo de ventas con las condiciones cambiantes del mercado y equ\u00edpelos con las habilidades y herramientas necesarias para pivotar su enfoque.<\/p>\n<\/li>\n<li>\n<p><b>Planificaci\u00f3n financiera y reservas<\/b>: Establecer un s\u00f3lido proceso de planificaci\u00f3n financiera que tenga en cuenta las fluctuaciones c\u00edclicas. Crear reservas durante los periodos de m\u00e1xima actividad para ayudar a mantener las operaciones durante los periodos de crisis. Esto garantiza la estabilidad financiera y le permite seguir invirtiendo en actividades generadoras de ingresos incluso en tiempos dif\u00edciles.<\/p>\n<\/li>\n<li>\n<p><b>Mejora continua e innovaci\u00f3n<\/b>: Adopte una cultura de mejora continua e innovaci\u00f3n en su organizaci\u00f3n. Anime a los empleados a aportar ideas, identificar nuevas fuentes de ingresos y explorar formas de mejorar los productos o servicios existentes. Esta mentalidad le permite adaptarse a los cambios c\u00edclicos, aprovechar nuevas oportunidades y mantenerse por delante de la competencia.<\/p>\n<\/li>\n<\/ol>\n<p>Al incorporar estas estrategias a su motor de ingresos, puede crear un proceso de generaci\u00f3n de ingresos m\u00e1s resistente y continuo que navegue por la din\u00e1mica de la gesti\u00f3n c\u00edclica. Permite a su empresa prosperar a lo largo de diferentes fases del ciclo empresarial y mejora su sostenibilidad a largo plazo.<\/p>\n\t\t\t\t\t\t\t\t<\/div>\n\t\t\t\t<\/div>\n\t\t\t\t<div class=\"elementor-element elementor-element-ff3a09b elementor-widget elementor-widget-heading\" data-id=\"ff3a09b\" data-element_type=\"widget\" data-e-type=\"widget\" data-widget_type=\"heading.default\">\n\t\t\t\t<div class=\"elementor-widget-container\">\n\t\t\t\t\t<h2 class=\"elementor-heading-title elementor-size-default\">Ciclo de vida de la din\u00e1mica de clientes de Roundmap<\/h2>\t\t\t\t<\/div>\n\t\t\t\t<\/div>\n\t\t\t\t<div class=\"elementor-element elementor-element-c17b10f elementor-widget elementor-widget-text-editor\" data-id=\"c17b10f\" data-element_type=\"widget\" data-e-type=\"widget\" data-widget_type=\"text-editor.default\">\n\t\t\t\t<div class=\"elementor-widget-container\">\n\t\t\t\t\t\t\t\t\t<p>Teniendo en cuenta lo anterior, creamos un ciclo de vida de Customer Dynamics paso a paso para impulsar ingresos continuos:<\/p>\n\t\t\t\t\t\t\t\t<\/div>\n\t\t\t\t<\/div>\n\t\t\t\t<div class=\"elementor-element elementor-element-b189830 elementor-widget elementor-widget-image\" data-id=\"b189830\" data-element_type=\"widget\" data-e-type=\"widget\" data-widget_type=\"image.default\">\n\t\t\t\t<div class=\"elementor-widget-container\">\n\t\t\t\t\t\t\t\t\t\t\t\t\t\t\t\t<a href=\"https:\/\/positiveinquiry.com\/wp-content\/uploads\/2023\/06\/ROUNDMAP_Customer_Dynamics_Lifecycle_Copyright_Protected_2023.pdf\" target=\"_blank\">\n\t\t\t\t\t\t\t<img fetchpriority=\"high\" decoding=\"async\" width=\"1115\" height=\"1536\" src=\"https:\/\/positiveinquiry.com\/wp-content\/uploads\/2023\/06\/ROUNDMAP_Customer_Dynamics_Lifecycle_Copyright_Protected_2023-1115x1536.png\" class=\"attachment-1536x1536 size-1536x1536 wp-image-5809\" alt=\"\" srcset=\"https:\/\/positiveinquiry.com\/wp-content\/uploads\/2023\/06\/ROUNDMAP_Customer_Dynamics_Lifecycle_Copyright_Protected_2023-1115x1536.png 1115w, https:\/\/positiveinquiry.com\/wp-content\/uploads\/2023\/06\/ROUNDMAP_Customer_Dynamics_Lifecycle_Copyright_Protected_2023-218x300.png 218w, https:\/\/positiveinquiry.com\/wp-content\/uploads\/2023\/06\/ROUNDMAP_Customer_Dynamics_Lifecycle_Copyright_Protected_2023-743x1024.png 743w, https:\/\/positiveinquiry.com\/wp-content\/uploads\/2023\/06\/ROUNDMAP_Customer_Dynamics_Lifecycle_Copyright_Protected_2023-768x1058.png 768w, https:\/\/positiveinquiry.com\/wp-content\/uploads\/2023\/06\/ROUNDMAP_Customer_Dynamics_Lifecycle_Copyright_Protected_2023-1486x2048.png 1486w\" sizes=\"(max-width: 1115px) 100vw, 1115px\" \/>\t\t\t\t\t\t\t\t<\/a>\n\t\t\t\t\t\t\t\t\t\t\t\t\t\t\t<\/div>\n\t\t\t\t<\/div>\n\t\t\t\t\t<\/div>\n\t\t\t\t<\/div>\n\t\t\t\t<\/div>\n\t\t","protected":false},"excerpt":{"rendered":"<p>Un motor de ingresos es lo que impulsa el modelo de ingresos. Para pasar de un motor de ingresos regulares a un motor de ingresos continuos, debemos incorporar los principios de la gesti\u00f3n c\u00edclica. Veamos las caracter\u00edsticas de un motor de ingresos regular antes de considerar uno continuo. Motor de ingresos Un motor de ingresos [&hellip;]<\/p>\n","protected":false},"author":1,"featured_media":5805,"parent":0,"menu_order":0,"comment_status":"closed","ping_status":"closed","template":"","meta":{"content-type":"","footnotes":""},"class_list":["post-6023","page","type-page","status-publish","has-post-thumbnail","hentry"],"_links":{"self":[{"href":"https:\/\/positiveinquiry.com\/es\/wp-json\/wp\/v2\/pages\/6023","targetHints":{"allow":["GET"]}}],"collection":[{"href":"https:\/\/positiveinquiry.com\/es\/wp-json\/wp\/v2\/pages"}],"about":[{"href":"https:\/\/positiveinquiry.com\/es\/wp-json\/wp\/v2\/types\/page"}],"author":[{"embeddable":true,"href":"https:\/\/positiveinquiry.com\/es\/wp-json\/wp\/v2\/users\/1"}],"replies":[{"embeddable":true,"href":"https:\/\/positiveinquiry.com\/es\/wp-json\/wp\/v2\/comments?post=6023"}],"version-history":[{"count":0,"href":"https:\/\/positiveinquiry.com\/es\/wp-json\/wp\/v2\/pages\/6023\/revisions"}],"wp:featuredmedia":[{"embeddable":true,"href":"https:\/\/positiveinquiry.com\/es\/wp-json\/wp\/v2\/media\/5805"}],"wp:attachment":[{"href":"https:\/\/positiveinquiry.com\/es\/wp-json\/wp\/v2\/media?parent=6023"}],"curies":[{"name":"wp","href":"https:\/\/api.w.org\/{rel}","templated":true}]}}