{"id":5986,"date":"2023-06-01T14:56:27","date_gmt":"2023-06-01T14:56:27","guid":{"rendered":"https:\/\/positiveinquiry.com\/positive-inquiry-antecedentes\/"},"modified":"2023-07-23T21:21:17","modified_gmt":"2023-07-23T21:21:17","slug":"positive-inquiry-antecedentes","status":"publish","type":"page","link":"https:\/\/positiveinquiry.com\/es\/positive-inquiry-antecedentes\/","title":{"rendered":"Positive Inquiry\u2122 Antecedentes"},"content":{"rendered":"\t\t<div data-elementor-type=\"wp-page\" data-elementor-id=\"5986\" class=\"elementor elementor-5986 elementor-3550\" data-elementor-post-type=\"page\">\n\t\t\t\t<div class=\"elementor-element elementor-element-6ca8420 e-flex e-con-boxed e-con e-parent\" data-id=\"6ca8420\" data-element_type=\"container\" data-e-type=\"container\">\n\t\t\t\t\t<div class=\"e-con-inner\">\n\t\t\t\t<div class=\"elementor-element elementor-element-7b183b5 elementor-widget elementor-widget-text-editor\" data-id=\"7b183b5\" data-element_type=\"widget\" data-e-type=\"widget\" data-widget_type=\"text-editor.default\">\n\t\t\t\t<div class=\"elementor-widget-container\">\n\t\t\t\t\t\t\t\t\t<p>La Indagaci\u00f3n Positiva se basa en la Indagaci\u00f3n Apreciativa. El m\u00e9todo fue desarrollado en la d\u00e9cada de 1980 por&nbsp;<a href=\"https:\/\/www.davidcooperrider.com\/ai-process\/\" target=\"_blank\" rel=\"noopener\">David Cooperrider<\/a>&nbsp;y Suresh Srivastva, ambos profesores de la Weatherhead School of Management&nbsp;en la Case Western Reserve University. Surgi\u00f3 como respuesta a los enfoques de resoluci\u00f3n de problemas predominantes en el desarrollo organizativo y la consultor\u00eda de gesti\u00f3n.<\/p>\n<p>Tradicionalmente, los enfoques de resoluci\u00f3n de problemas se centraban en identificar y solucionar los problemas de las organizaciones. Cooperrider y Srivastva trataron de desarrollar un enfoque del cambio organizativo m\u00e1s positivo y basado en los puntos fuertes. Cre\u00edan que las organizaciones podr\u00edan beneficiarse de cambiar su enfoque, pasando del pensamiento centrado en los problemas al centrado en las soluciones.<\/p>\n<p>Varias consideraciones influyeron en el desarrollo de la Indagaci\u00f3n Apreciativa:<\/p>\n<ol>\n<li><span style=\"background-color: transparent; text-align: var(--text-align); color: var( --e-global-color-primary );\"><b>Construccionismo social<\/b> &#8211;<\/span><span style=\"background-color: transparent; text-align: var(--text-align); color: var( --e-global-color-primary );\">&nbsp;Cooperrider y Srivastva se basaron en los principios del construccionismo social, haciendo hincapi\u00e9 en que nuestras interacciones sociales y el lenguaje conforman nuestra realidad. Cre\u00edan que las organizaciones pod\u00edan transformarse cambiando las conversaciones y las narrativas dentro de ellas.<\/span><\/li>\n<li><b>Psicolog\u00eda Positiva<\/b><span style=\"color: var( --e-global-color-primary ); text-align: var(--text-align); background-color: transparent;\">&nbsp;&#8211;<\/span><span style=\"color: var( --e-global-color-primary ); text-align: var(--text-align); background-color: transparent;\">&nbsp;<\/span>La psicolog\u00eda positiva, surgida a finales de la d\u00e9cada de 1990, tambi\u00e9n influy\u00f3 en el desarrollo de la Indagaci\u00f3n Apreciativa. Hac\u00eda hincapi\u00e9 en el estudio de las fortalezas humanas, el bienestar y las experiencias positivas, incorporando la perspectiva de la psicolog\u00eda positiva \u2500 al centrarse en los aspectos positivos de las organizaciones y las personas en lugar de centrarse \u00fanicamente en los problemas y las deficiencias.<\/li>\n<li><b>Proceso Apreciativo<\/b><span style=\"color: var( --e-global-color-primary ); text-align: var(--text-align); background-color: transparent;\">&nbsp;&#8211;<\/span><span style=\"color: var( --e-global-color-primary ); text-align: var(--text-align); background-color: transparent;\">&nbsp;<\/span>Cooperrider y Srivastva reconocieron que las organizaciones sol\u00edan tener experiencias, puntos fuertes y \u00e9xitos valiosos que se pasaban por alto o se infravaloraban. Desarrollaron la Indagaci\u00f3n Apreciativa como un proceso para \u00abapreciar\u00bb estos elementos positivos y aprovecharlos para la transformaci\u00f3n organizativa.<\/li>\n<li><b>Cambio organizativo<\/b><span style=\"color: var( --e-global-color-primary ); text-align: var(--text-align); background-color: transparent;\">&nbsp;&#8211;<\/span><span style=\"color: var( --e-global-color-primary ); text-align: var(--text-align); background-color: transparent;\">&nbsp;<\/span>El campo del desarrollo organizativo y la gesti\u00f3n del cambio&nbsp;estaba cambiando. Los enfoques tradicionales se centraban en el cambio descendente e impulsado por expertos. La Indagaci\u00f3n Apreciativa pretend\u00eda implicar a todas las partes interesadas en el proceso de cambio y aprovechar su sabidur\u00eda colectiva.<\/li>\n<\/ol>\n<p>La combinaci\u00f3n de estas consideraciones llev\u00f3 a la creaci\u00f3n de la Indagaci\u00f3n Apreciativa como enfoque del cambio organizativo basado en las fortalezas. Su objetivo era crear un entorno positivo y generativo en el que las organizaciones pudieran prever y cocrear su futuro deseado bas\u00e1ndose en sus fortalezas y sus \u00e9xitos.&nbsp;<\/p>\t\t\t\t\t\t\t\t<\/div>\n\t\t\t\t<\/div>\n\t\t\t\t\t<\/div>\n\t\t\t\t<\/div>\n\t\t\t\t<\/div>\n\t\t","protected":false},"excerpt":{"rendered":"<p>La Indagaci\u00f3n Positiva se basa en la Indagaci\u00f3n Apreciativa. El m\u00e9todo fue desarrollado en la d\u00e9cada de 1980 por&nbsp;David Cooperrider&nbsp;y Suresh Srivastva, ambos profesores de la Weatherhead School of Management&nbsp;en la Case Western Reserve University. Surgi\u00f3 como respuesta a los enfoques de resoluci\u00f3n de problemas predominantes en el desarrollo organizativo y la consultor\u00eda de gesti\u00f3n. [&hellip;]<\/p>\n","protected":false},"author":1,"featured_media":5789,"parent":0,"menu_order":0,"comment_status":"closed","ping_status":"closed","template":"","meta":{"content-type":"","footnotes":""},"class_list":["post-5986","page","type-page","status-publish","has-post-thumbnail","hentry"],"_links":{"self":[{"href":"https:\/\/positiveinquiry.com\/es\/wp-json\/wp\/v2\/pages\/5986","targetHints":{"allow":["GET"]}}],"collection":[{"href":"https:\/\/positiveinquiry.com\/es\/wp-json\/wp\/v2\/pages"}],"about":[{"href":"https:\/\/positiveinquiry.com\/es\/wp-json\/wp\/v2\/types\/page"}],"author":[{"embeddable":true,"href":"https:\/\/positiveinquiry.com\/es\/wp-json\/wp\/v2\/users\/1"}],"replies":[{"embeddable":true,"href":"https:\/\/positiveinquiry.com\/es\/wp-json\/wp\/v2\/comments?post=5986"}],"version-history":[{"count":0,"href":"https:\/\/positiveinquiry.com\/es\/wp-json\/wp\/v2\/pages\/5986\/revisions"}],"wp:featuredmedia":[{"embeddable":true,"href":"https:\/\/positiveinquiry.com\/es\/wp-json\/wp\/v2\/media\/5789"}],"wp:attachment":[{"href":"https:\/\/positiveinquiry.com\/es\/wp-json\/wp\/v2\/media?parent=5986"}],"curies":[{"name":"wp","href":"https:\/\/api.w.org\/{rel}","templated":true}]}}