{"id":5981,"date":"2023-04-27T20:25:28","date_gmt":"2023-04-27T20:25:28","guid":{"rendered":"https:\/\/positiveinquiry.com\/fusion-of-strengths-fusion-de-fuerzas\/"},"modified":"2023-07-23T18:42:01","modified_gmt":"2023-07-23T18:42:01","slug":"fusion-of-strengths-fusion-de-fuerzas","status":"publish","type":"page","link":"https:\/\/positiveinquiry.com\/es\/fusion-of-strengths-fusion-de-fuerzas\/","title":{"rendered":"Fusion of Strengths\u2122 (Fusi\u00f3n de Fortalezas)"},"content":{"rendered":"\t\t<div data-elementor-type=\"wp-page\" data-elementor-id=\"5981\" class=\"elementor elementor-5981 elementor-2482\" data-elementor-post-type=\"page\">\n\t\t\t\t\t\t<section class=\"elementor-section elementor-top-section elementor-element elementor-element-1d9cfe0c elementor-section-boxed elementor-section-height-default elementor-section-height-default\" data-id=\"1d9cfe0c\" data-element_type=\"section\" data-e-type=\"section\">\n\t\t\t\t\t\t<div class=\"elementor-container elementor-column-gap-default\">\n\t\t\t\t\t<div class=\"elementor-column elementor-col-100 elementor-top-column elementor-element elementor-element-567d5a19\" data-id=\"567d5a19\" data-element_type=\"column\" data-e-type=\"column\">\n\t\t\t<div class=\"elementor-widget-wrap elementor-element-populated\">\n\t\t\t\t\t\t<div class=\"elementor-element elementor-element-33c2952e elementor-widget elementor-widget-text-editor\" data-id=\"33c2952e\" data-element_type=\"widget\" data-e-type=\"widget\" data-widget_type=\"text-editor.default\">\n\t\t\t\t<div class=\"elementor-widget-container\">\n\t\t\t\t\t\t\t\t\t<p>Positive Inquiry\u2122 es una perspectiva que busca aprovechar las fortalezas para impulsar el progreso. En lugar de enfocarnos en lo que ha salido mal en el pasado, nos centramos en identificar los puntos fuertes que han contribuido a nuestros \u00e9xitos pasados y presentes. A partir de esta identificaci\u00f3n, nos planteamos la posibilidad de alinear adecuadamente estas fortalezas para generar un impacto a\u00fan mayor. Sin embargo, antes de emprender cualquier cambio, es fundamental evaluar si existe un argumento comercial s\u00f3lido que respalde nuestras acciones.<\/p>\n<p>Esta metodolog\u00eda difiere de la tradicional, que se centra en arreglar problemas pasados y no necesariamente nos lleva hacia un futuro prometedor. Positive Inquiry\u2122 se enfoca en lo positivo, en lo que ha funcionado bien y en las causas detr\u00e1s de nuestros logros. El objetivo no es simplemente realizar mejoras incrementales, sino dar un salto hacia nuevas y emocionantes formas de actuar y avanzar. Este enfoque, tambi\u00e9n conocido como cambio positivo, tiene como objetivo unir a las personas en torno a un prop\u00f3sito com\u00fan.<\/p>\n<p>A trav\u00e9s de la colaboraci\u00f3n y la co-creaci\u00f3n, buscamos construir un futuro emocionante, significativo y brillante. La alineaci\u00f3n de fuerzas y la alta energ\u00eda en el n\u00facleo de este proceso pueden compararse con una fusi\u00f3n nuclear, potenciando nuestra capacidad para generar un cambio transformador y sostenible en las organizaciones.<\/p>\n<h3>Fusi\u00f3n nuclear<\/h3>\n<p>En la fusi\u00f3n nuclear, los n\u00facleos cargados positivamente se unen para formar un n\u00facleo m\u00e1s pesado. Este proceso ocurre debido a que la fuerza nuclear fuerte, que es la responsable de mantener unidos los n\u00facleos at\u00f3micos, solo act\u00faa a distancias extremadamente cortas. <span style=\"text-align: var(--text-align); color: var( --e-global-color-primary );\">Para que tenga lugar la fusi\u00f3n, los n\u00facleos de dos \u00e1tomos deben superar su repulsi\u00f3n electrost\u00e1tica natural y acercarse lo suficiente para que la fuerza nuclear fuerte pueda unirlos. Sin embargo, alcanzar esta condici\u00f3n requiere temperaturas y presiones extremadamente altas, as\u00ed como un suministro suficiente de n\u00facleos at\u00f3micos para que se produzca la fusi\u00f3n. <\/span><\/p>\n<p><span style=\"color: var( --e-global-color-primary ); text-align: var(--text-align);\">Podemos hacer una analog\u00eda con <a href=\"https:\/\/roundmap.com\/the-silo-effect\/\" target=\"_blank\" rel=\"noopener\">el efecto silo<\/a>, que introduce barreras entre departamentos, impidiendo as\u00ed que las fuerzas positivas se refuercen mutuamente. Para superar esta siloizaci\u00f3n, se necesita una fuerza que sea superior a las fuerzas que provocan la divisi\u00f3n dentro de la organizaci\u00f3n.<\/span><\/p>\n<blockquote>\n<p><span style=\"color: var( --e-global-color-primary ); text-align: var(--text-align);\">En el contexto de la fusi\u00f3n nuclear, esta fuerza ser\u00eda equivalente a las altas temperaturas y presiones necesarias para superar la repulsi\u00f3n electrost\u00e1tica y permitir que la fuerza nuclear fuerte prevalezca y logre unir los n\u00facleos cargados positivamente en un n\u00facleo m\u00e1s pesado. De esta manera, la fusi\u00f3n nuclear puede tener \u00e9xito al superar las fuerzas que intentan mantener separados a los n\u00facleos at\u00f3micos.<\/span><\/p>\n<\/blockquote>\n<p><span style=\"color: var( --e-global-color-primary ); text-align: var(--text-align);\"> <\/span><\/p>\n\t\t\t\t\t\t\t\t<\/div>\n\t\t\t\t<\/div>\n\t\t\t\t\t<\/div>\n\t\t<\/div>\n\t\t\t\t\t<\/div>\n\t\t<\/section>\n\t\t\t\t<\/div>\n\t\t","protected":false},"excerpt":{"rendered":"<p>Positive Inquiry\u2122 es una perspectiva que busca aprovechar las fortalezas para impulsar el progreso. En lugar de enfocarnos en lo que ha salido mal en el pasado, nos centramos en identificar los puntos fuertes que han contribuido a nuestros \u00e9xitos pasados y presentes. A partir de esta identificaci\u00f3n, nos planteamos la posibilidad de alinear adecuadamente [&hellip;]<\/p>\n","protected":false},"author":1,"featured_media":5717,"parent":0,"menu_order":0,"comment_status":"closed","ping_status":"closed","template":"","meta":{"content-type":"","footnotes":""},"class_list":["post-5981","page","type-page","status-publish","has-post-thumbnail","hentry"],"_links":{"self":[{"href":"https:\/\/positiveinquiry.com\/es\/wp-json\/wp\/v2\/pages\/5981","targetHints":{"allow":["GET"]}}],"collection":[{"href":"https:\/\/positiveinquiry.com\/es\/wp-json\/wp\/v2\/pages"}],"about":[{"href":"https:\/\/positiveinquiry.com\/es\/wp-json\/wp\/v2\/types\/page"}],"author":[{"embeddable":true,"href":"https:\/\/positiveinquiry.com\/es\/wp-json\/wp\/v2\/users\/1"}],"replies":[{"embeddable":true,"href":"https:\/\/positiveinquiry.com\/es\/wp-json\/wp\/v2\/comments?post=5981"}],"version-history":[{"count":0,"href":"https:\/\/positiveinquiry.com\/es\/wp-json\/wp\/v2\/pages\/5981\/revisions"}],"wp:featuredmedia":[{"embeddable":true,"href":"https:\/\/positiveinquiry.com\/es\/wp-json\/wp\/v2\/media\/5717"}],"wp:attachment":[{"href":"https:\/\/positiveinquiry.com\/es\/wp-json\/wp\/v2\/media?parent=5981"}],"curies":[{"name":"wp","href":"https:\/\/api.w.org\/{rel}","templated":true}]}}