{"id":5977,"date":"2023-03-01T00:35:17","date_gmt":"2023-03-01T00:35:17","guid":{"rendered":"https:\/\/positiveinquiry.com\/forjar-cadenas-positivas\/"},"modified":"2023-08-17T15:37:07","modified_gmt":"2023-08-17T15:37:07","slug":"forjar-cadenas-positivas","status":"publish","type":"page","link":"https:\/\/positiveinquiry.com\/es\/forjar-cadenas-positivas\/","title":{"rendered":"Forging Positive Chains\u2122 (Forjando Cadenas Positivas)"},"content":{"rendered":"\t\t<div data-elementor-type=\"wp-page\" data-elementor-id=\"5977\" class=\"elementor elementor-5977 elementor-791\" data-elementor-post-type=\"page\">\n\t\t\t\t<div class=\"elementor-element elementor-element-a3cc062 e-flex e-con-boxed e-con e-parent\" data-id=\"a3cc062\" data-element_type=\"container\" data-e-type=\"container\">\n\t\t\t\t\t<div class=\"e-con-inner\">\n\t\t\t\t<div class=\"elementor-element elementor-element-42af73a elementor-widget elementor-widget-text-editor\" data-id=\"42af73a\" data-element_type=\"widget\" data-e-type=\"widget\" data-widget_type=\"text-editor.default\">\n\t\t\t\t<div class=\"elementor-widget-container\">\n\t\t\t\t\t\t\t\t\t<p style=\"text-align: left;\">Este es el t\u00edtulo provisional de nuestro pr\u00f3ximo libro sobre c\u00f3mo impulsar el cambio positivo: <\/p>\n\t\t\t\t\t\t\t\t<\/div>\n\t\t\t\t<\/div>\n\t\t\t\t<div class=\"elementor-element elementor-element-fc871f9 elementor-widget elementor-widget-heading\" data-id=\"fc871f9\" data-element_type=\"widget\" data-e-type=\"widget\" data-widget_type=\"heading.default\">\n\t\t\t\t<div class=\"elementor-widget-container\">\n\t\t\t\t\t<h2 class=\"elementor-heading-title elementor-size-default\"><b>Forjando Cadenas Positivas<\/b>: Navegando por el camino de la transformaci\u00f3n empresarial positiva<\/h2>\t\t\t\t<\/div>\n\t\t\t\t<\/div>\n\t\t\t\t<div class=\"elementor-element elementor-element-eed357a elementor-widget elementor-widget-text-editor\" data-id=\"eed357a\" data-element_type=\"widget\" data-e-type=\"widget\" data-widget_type=\"text-editor.default\">\n\t\t\t\t<div class=\"elementor-widget-container\">\n\t\t\t\t\t\t\t\t\t<p>El libro es el resultado de un viaje de casi 8 a\u00f1os en el que se han identificado las causas profundas de la siloizaci\u00f3n y la alienaci\u00f3n de los empleados, que han conducido a los sistemas humanos rotos que vemos hoy en d\u00eda. El libro pretende inspirar a los l\u00edderes para que construyan una cultura en la que los empleados puedan florecer plenamente y disfrutar trabajando juntos de forma significativa, gratificante, emocionante y divertida. No s\u00f3lo porque es respetuoso con las personas a su cargo, sino porque es la forma m\u00e1s rentable de dirigir una empresa en el siglo XXI. La pregunta que queda es: \u00bfC\u00f3mo juegan los beneficios? \u00bfQu\u00e9 es justo?<\/p>\n\t\t\t\t\t\t\t\t<\/div>\n\t\t\t\t<\/div>\n\t\t\t\t<div class=\"elementor-element elementor-element-02899d4 elementor-widget elementor-widget-spacer\" data-id=\"02899d4\" data-element_type=\"widget\" data-e-type=\"widget\" data-widget_type=\"spacer.default\">\n\t\t\t\t<div class=\"elementor-widget-container\">\n\t\t\t\t\t\t\t<div class=\"elementor-spacer\">\n\t\t\t<div class=\"elementor-spacer-inner\"><\/div>\n\t\t<\/div>\n\t\t\t\t\t\t<\/div>\n\t\t\t\t<\/div>\n\t\t\t\t<div class=\"elementor-element elementor-element-f388086 elementor-widget elementor-widget-image\" data-id=\"f388086\" data-element_type=\"widget\" data-e-type=\"widget\" data-widget_type=\"image.default\">\n\t\t\t\t<div class=\"elementor-widget-container\">\n\t\t\t\t\t\t\t\t\t\t\t\t\t\t\t<img fetchpriority=\"high\" decoding=\"async\" width=\"1536\" height=\"1152\" src=\"https:\/\/positiveinquiry.com\/wp-content\/uploads\/2023\/06\/Forging_Positive_Chains-1536x1152.png\" class=\"attachment-1536x1536 size-1536x1536 wp-image-5889\" alt=\"\" srcset=\"https:\/\/positiveinquiry.com\/wp-content\/uploads\/2023\/06\/Forging_Positive_Chains-1536x1152.png 1536w, https:\/\/positiveinquiry.com\/wp-content\/uploads\/2023\/06\/Forging_Positive_Chains-300x225.png 300w, https:\/\/positiveinquiry.com\/wp-content\/uploads\/2023\/06\/Forging_Positive_Chains-1024x768.png 1024w, https:\/\/positiveinquiry.com\/wp-content\/uploads\/2023\/06\/Forging_Positive_Chains-768x576.png 768w, https:\/\/positiveinquiry.com\/wp-content\/uploads\/2023\/06\/Forging_Positive_Chains-2048x1536.png 2048w\" sizes=\"(max-width: 1536px) 100vw, 1536px\" \/>\t\t\t\t\t\t\t\t\t\t\t\t\t\t\t<\/div>\n\t\t\t\t<\/div>\n\t\t\t\t<div class=\"elementor-element elementor-element-f6f8e99 elementor-widget elementor-widget-spacer\" data-id=\"f6f8e99\" data-element_type=\"widget\" data-e-type=\"widget\" data-widget_type=\"spacer.default\">\n\t\t\t\t<div class=\"elementor-widget-container\">\n\t\t\t\t\t\t\t<div class=\"elementor-spacer\">\n\t\t\t<div class=\"elementor-spacer-inner\"><\/div>\n\t\t<\/div>\n\t\t\t\t\t\t<\/div>\n\t\t\t\t<\/div>\n\t\t\t\t<div class=\"elementor-element elementor-element-b9b3231 elementor-widget elementor-widget-text-editor\" data-id=\"b9b3231\" data-element_type=\"widget\" data-e-type=\"widget\" data-widget_type=\"text-editor.default\">\n\t\t\t\t<div class=\"elementor-widget-container\">\n\t\t\t\t\t\t\t\t\t<p>S\u00f3lo unas notas r\u00e1pidas sobre las condiciones subyacentes del libro:<\/p>\n\t\t\t\t\t\t\t\t<\/div>\n\t\t\t\t<\/div>\n\t\t\t\t\t<\/div>\n\t\t\t\t<\/div>\n\t\t\t\t<section class=\"elementor-section elementor-top-section elementor-element elementor-element-6e578dea elementor-section-boxed elementor-section-height-default elementor-section-height-default\" data-id=\"6e578dea\" data-element_type=\"section\" data-e-type=\"section\">\n\t\t\t\t\t\t<div class=\"elementor-container elementor-column-gap-default\">\n\t\t\t\t\t<div class=\"elementor-column elementor-col-100 elementor-top-column elementor-element elementor-element-65373cfb\" data-id=\"65373cfb\" data-element_type=\"column\" data-e-type=\"column\">\n\t\t\t<div class=\"elementor-widget-wrap elementor-element-populated\">\n\t\t\t\t<div class=\"elementor-element elementor-element-5652fc7 e-flex e-con-boxed e-con e-parent\" data-id=\"5652fc7\" data-element_type=\"container\" data-e-type=\"container\">\n\t\t\t\t\t<div class=\"e-con-inner\">\n\t\t<div class=\"elementor-element elementor-element-539ab74 e-flex e-con-boxed e-con e-parent\" data-id=\"539ab74\" data-element_type=\"container\" data-e-type=\"container\">\n\t\t\t\t\t<div class=\"e-con-inner\">\n\t\t\t\t<div class=\"elementor-element elementor-element-255b682 elementor-widget elementor-widget-heading\" data-id=\"255b682\" data-element_type=\"widget\" data-e-type=\"widget\" data-widget_type=\"heading.default\">\n\t\t\t\t<div class=\"elementor-widget-container\">\n\t\t\t\t\t<h3 class=\"elementor-heading-title elementor-size-default\">Cadenas negativas<\/h3>\t\t\t\t<\/div>\n\t\t\t\t<\/div>\n\t\t\t\t<div class=\"elementor-element elementor-element-0448073 elementor-widget elementor-widget-text-editor\" data-id=\"0448073\" data-element_type=\"widget\" data-e-type=\"widget\" data-widget_type=\"text-editor.default\">\n\t\t\t\t<div class=\"elementor-widget-container\">\n\t\t\t\t\t\t\t\t\t<ul>\n<li>Estructura de mando y control<\/li>\n<li>La direcci\u00f3n infunde miedo<\/li>\n<li>\u00c9nfasis en la productividad<\/li>\n<li>Maximizar la continuidad<\/li>\n<li>Impulsados por la coherencia<\/li>\n<li>Miedo y ansiedad<\/li>\n<li>Condiciones complicadas<\/li>\n<li>Competencia entre silos<\/li>\n<li>Arrogancia<\/li>\n<li>Planificaci\u00f3n fija<\/li>\n<li>Previsibilidad<\/li>\n<li>Grilletes y esposas<\/li>\n<li>Obediencia<\/li>\n<li>Involuntariamente<\/li>\n<li>Contenci\u00f3n<\/li>\n<li>Cegado<\/li>\n<li>Bozal<\/li>\n<li>Desconexi\u00f3n<\/li>\n<li>Causas del fracaso<\/li>\n<li>Eliminar problemas<\/li>\n<li>Hacer las cosas bien<\/li>\n<li>Divisi\u00f3n del trabajo<\/li>\n<li>Alta productividad<\/li>\n<li>Supervisi\u00f3n descendente<\/li>\n<li>Aversi\u00f3n al riesgo<\/li>\n<li>Normas y reglamentos forzosos<\/li>\n<\/ul>\n\t\t\t\t\t\t\t\t<\/div>\n\t\t\t\t<\/div>\n\t\t\t\t\t<\/div>\n\t\t\t\t<\/div>\n\t\t<div class=\"elementor-element elementor-element-3e6be94 e-flex e-con-boxed e-con e-parent\" data-id=\"3e6be94\" data-element_type=\"container\" data-e-type=\"container\">\n\t\t\t\t\t<div class=\"e-con-inner\">\n\t\t\t\t<div class=\"elementor-element elementor-element-7d936f1 elementor-widget elementor-widget-heading\" data-id=\"7d936f1\" data-element_type=\"widget\" data-e-type=\"widget\" data-widget_type=\"heading.default\">\n\t\t\t\t<div class=\"elementor-widget-container\">\n\t\t\t\t\t<h3 class=\"elementor-heading-title elementor-size-default\">Cadenas Positivas (Positive Chains\u2122)<\/h3>\t\t\t\t<\/div>\n\t\t\t\t<\/div>\n\t\t\t\t<div class=\"elementor-element elementor-element-872553d elementor-widget elementor-widget-text-editor\" data-id=\"872553d\" data-element_type=\"widget\" data-e-type=\"widget\" data-widget_type=\"text-editor.default\">\n\t\t\t\t<div class=\"elementor-widget-container\">\n\t\t\t\t\t\t\t\t\t<ul>\n<li>Dise\u00f1o integral del sistema<\/li>\n<li>El liderazgo inspira esperanza<\/li>\n<li>\u00c9nfasis en la participaci\u00f3n<\/li>\n<li>Maximizar la creatividad<\/li>\n<li>Impulsados por la novedad<\/li>\n<li>Emoci\u00f3n y alegr\u00eda<\/li>\n<li>Condiciones complejas<\/li>\n<li>Colaboraci\u00f3n entre silos<\/li>\n<li>Humildad<\/li>\n<li>Posibles escenarios<\/li>\n<li>Preparado para el cambio<\/li>\n<li>Conectado<\/li>\n<li>Participaci\u00f3n<\/li>\n<li>Ansia<\/li>\n<li>Fuerte deseo<\/li>\n<li>Diversidad de pensamiento<\/li>\n<li>Hable con libertad<\/li>\n<li>Muy comprometidos<\/li>\n<li>Causas del \u00e9xito<\/li>\n<li>Explorar las posibilidades<\/li>\n<li>Hacer lo correcto<\/li>\n<li>Fusi\u00f3n de fuerzas<\/li>\n<li>Alto rendimiento<\/li>\n<li>Autoorganizaci\u00f3n<\/li>\n<li>Abierto a la experimentaci\u00f3n<\/li>\n<li>Forjar relaciones<\/li>\n<\/ul>\n\t\t\t\t\t\t\t\t<\/div>\n\t\t\t\t<\/div>\n\t\t\t\t\t<\/div>\n\t\t\t\t<\/div>\n\t\t\t\t\t<\/div>\n\t\t\t\t<\/div>\n\t\t\t\t\t<\/div>\n\t\t<\/div>\n\t\t\t\t\t<\/div>\n\t\t<\/section>\n\t\t<div class=\"elementor-element elementor-element-b4db6d5 e-flex e-con-boxed e-con e-parent\" data-id=\"b4db6d5\" data-element_type=\"container\" data-e-type=\"container\">\n\t\t\t\t\t<div class=\"e-con-inner\">\n\t\t\t\t<div class=\"elementor-element elementor-element-f92dcdb elementor-widget elementor-widget-heading\" data-id=\"f92dcdb\" data-element_type=\"widget\" data-e-type=\"widget\" data-widget_type=\"heading.default\">\n\t\t\t\t<div class=\"elementor-widget-container\">\n\t\t\t\t\t<h3 class=\"elementor-heading-title elementor-size-default\">Doing Left (Dejar) versus Doing Right (Correcto)<\/h3>\t\t\t\t<\/div>\n\t\t\t\t<\/div>\n\t\t\t\t<div class=\"elementor-element elementor-element-460ff8d elementor-widget elementor-widget-text-editor\" data-id=\"460ff8d\" data-element_type=\"widget\" data-e-type=\"widget\" data-widget_type=\"text-editor.default\">\n\t\t\t\t<div class=\"elementor-widget-container\">\n\t\t\t\t\t\t\t\t\t<p>Al igual que las cadenas negativas, \u00abhacer left\u00bb es lo contrario de hacer right. Consideremos estas expresiones:<\/p>\n<ul>\n<li>Demasiadas cosas quedaron (Left) sin control.<\/li>\n<li>A pesar de los datos, el proceso no se modific\u00f3.<\/li>\n<li>Deber\u00edamos habernos ocupado de ello; se dej\u00f3 (left) sin tocar durante demasiado tiempo.<\/li>\n<li>Lo siento, esas eran algunas de las cosas que quedaban (left) por hacer.<\/li>\n<li>Esto qued\u00f3 en el aire, ya que no pudimos ponernos de acuerdo sobre c\u00f3mo proceder.<\/li>\n<\/ul>\n<p>Hacer las cosas <i>por la izquierda<\/i> es ignorar lo que deber\u00eda hacerse, enfrentarse a la realidad y renunciar a la oportunidad de hacer lo <i>correcto<\/i>.<\/p>\n\t\t\t\t\t\t\t\t<\/div>\n\t\t\t\t<\/div>\n\t\t\t\t\t<\/div>\n\t\t\t\t<\/div>\n\t\t<div class=\"elementor-element elementor-element-f669eaf e-flex e-con-boxed e-con e-parent\" data-id=\"f669eaf\" data-element_type=\"container\" data-e-type=\"container\">\n\t\t\t\t\t<div class=\"e-con-inner\">\n\t\t\t\t<div class=\"elementor-element elementor-element-a43c01b elementor-widget elementor-widget-heading\" data-id=\"a43c01b\" data-element_type=\"widget\" data-e-type=\"widget\" data-widget_type=\"heading.default\">\n\t\t\t\t<div class=\"elementor-widget-container\">\n\t\t\t\t\t<h3 class=\"elementor-heading-title elementor-size-default\">VUCA negativo frente a positivo<\/h3>\t\t\t\t<\/div>\n\t\t\t\t<\/div>\n\t\t\t\t\t<\/div>\n\t\t\t\t<\/div>\n\t\t<div class=\"elementor-element elementor-element-27e2c16 e-flex e-con-boxed e-con e-parent\" data-id=\"27e2c16\" data-element_type=\"container\" data-e-type=\"container\">\n\t\t\t\t\t<div class=\"e-con-inner\">\n\t\t\t\t<div class=\"elementor-element elementor-element-dd38ded elementor-widget elementor-widget-text-editor\" data-id=\"dd38ded\" data-element_type=\"widget\" data-e-type=\"widget\" data-widget_type=\"text-editor.default\">\n\t\t\t\t<div class=\"elementor-widget-container\">\n\t\t\t\t\t\t\t\t\t<p>VUCA es un anacronismo introducido por la Escuela de Guerra del Ej\u00e9rcito de Estados Unidos a principios de la d\u00e9cada de 1990 para describir el mundo en el que entramos cuando termin\u00f3 la Guerra Fr\u00eda, que era <b>vol\u00e1til, incierto (uncertain), complejo y ambiguo<\/b>.&nbsp; El t\u00e9rmino se utiliza ahora para describir el contexto contempor\u00e1neo en el que vivimos y trabajamos.&nbsp;<\/p>\n<p>Bob Johansen, miembro distinguido del Institute for the Future y autor de <em>Leaders Make the Future: Ten New Leadership Skills for an Uncertain<\/em> World, propone adoptar un VUCA de <b>visi\u00f3n, comprensi\u00f3n, claridad y agilidad,<\/b>lo contrario del modelo VUCA. Estas cuatro habilidades y capacidades son el ant\u00eddoto de un l\u00edder para un entorno VUCA .<\/p>\n<p>De nuevo, al igual que las cadenas negativas y positivas, podemos preparanos y ver las cosas de forma positiva, con esperanza, alegr\u00eda, entusiasmo y diversi\u00f3n. Sabemos que Positive Chains\u2122 suena como Positive Change.<\/p>\t\t\t\t\t\t\t\t<\/div>\n\t\t\t\t<\/div>\n\t\t\t\t\t<\/div>\n\t\t\t\t<\/div>\n\t\t<div class=\"elementor-element elementor-element-42f519d e-flex e-con-boxed e-con e-parent\" data-id=\"42f519d\" data-element_type=\"container\" data-e-type=\"container\">\n\t\t\t\t\t<div class=\"e-con-inner\">\n\t\t\t\t<div class=\"elementor-element elementor-element-3872473 elementor-widget elementor-widget-text-editor\" data-id=\"3872473\" data-element_type=\"widget\" data-e-type=\"widget\" data-widget_type=\"text-editor.default\">\n\t\t\t\t<div class=\"elementor-widget-container\">\n\t\t\t\t\t\t\t\t\t<p><em>Cr\u00e9ditos <\/em><a href=\"https:\/\/www.artstation.com\/artwork\/3y9D\" target=\"_blank\" rel=\"noopener\">Mike Capprotti<\/a><em> por su imagen de fantas\u00eda, Forjando las cadenas.<\/em><\/p>\n\t\t\t\t\t\t\t\t<\/div>\n\t\t\t\t<\/div>\n\t\t\t\t\t<\/div>\n\t\t\t\t<\/div>\n\t\t\t\t<\/div>\n\t\t","protected":false},"excerpt":{"rendered":"<p>Este es el t\u00edtulo provisional de nuestro pr\u00f3ximo libro sobre c\u00f3mo impulsar el cambio positivo: Forjando Cadenas Positivas: Navegando por el camino de la transformaci\u00f3n empresarial positiva El libro es el resultado de un viaje de casi 8 a\u00f1os en el que se han identificado las causas profundas de la siloizaci\u00f3n y la alienaci\u00f3n de [&hellip;]<\/p>\n","protected":false},"author":1,"featured_media":5891,"parent":0,"menu_order":0,"comment_status":"closed","ping_status":"closed","template":"","meta":{"content-type":"","footnotes":""},"class_list":["post-5977","page","type-page","status-publish","has-post-thumbnail","hentry"],"_links":{"self":[{"href":"https:\/\/positiveinquiry.com\/es\/wp-json\/wp\/v2\/pages\/5977","targetHints":{"allow":["GET"]}}],"collection":[{"href":"https:\/\/positiveinquiry.com\/es\/wp-json\/wp\/v2\/pages"}],"about":[{"href":"https:\/\/positiveinquiry.com\/es\/wp-json\/wp\/v2\/types\/page"}],"author":[{"embeddable":true,"href":"https:\/\/positiveinquiry.com\/es\/wp-json\/wp\/v2\/users\/1"}],"replies":[{"embeddable":true,"href":"https:\/\/positiveinquiry.com\/es\/wp-json\/wp\/v2\/comments?post=5977"}],"version-history":[{"count":0,"href":"https:\/\/positiveinquiry.com\/es\/wp-json\/wp\/v2\/pages\/5977\/revisions"}],"wp:featuredmedia":[{"embeddable":true,"href":"https:\/\/positiveinquiry.com\/es\/wp-json\/wp\/v2\/media\/5891"}],"wp:attachment":[{"href":"https:\/\/positiveinquiry.com\/es\/wp-json\/wp\/v2\/media?parent=5977"}],"curies":[{"name":"wp","href":"https:\/\/api.w.org\/{rel}","templated":true}]}}