{"id":5975,"date":"2023-06-01T22:32:18","date_gmt":"2023-06-01T22:32:18","guid":{"rendered":"https:\/\/positiveinquiry.com\/gorra-de-pensamiento-ciclico\/"},"modified":"2023-08-15T15:47:21","modified_gmt":"2023-08-15T15:47:21","slug":"gorra-de-pensamiento-ciclico","status":"publish","type":"page","link":"https:\/\/positiveinquiry.com\/es\/gorra-de-pensamiento-ciclico\/","title":{"rendered":"El l\u00edder c\u00edclico"},"content":{"rendered":"\t\t<div data-elementor-type=\"wp-page\" data-elementor-id=\"5975\" class=\"elementor elementor-5975 elementor-3661\" data-elementor-post-type=\"page\">\n\t\t\t\t<div class=\"elementor-element elementor-element-5af104e e-flex e-con-boxed e-con e-parent\" data-id=\"5af104e\" data-element_type=\"container\" data-e-type=\"container\">\n\t\t\t\t\t<div class=\"e-con-inner\">\n\t\t\t\t<div class=\"elementor-element elementor-element-4dc7095 elementor-widget elementor-widget-text-editor\" data-id=\"4dc7095\" data-element_type=\"widget\" data-e-type=\"widget\" data-widget_type=\"text-editor.default\">\n\t\t\t\t<div class=\"elementor-widget-container\">\n\t\t\t\t\t\t\t\t\t<p>El pensamiento c\u00edclico es uno de los <a href=\"https:\/\/positiveinquiry.com\/es\/roundmap-panoptico-360\/\">Thinking Caps del RoundMap\u2122 Panoptic<\/a>. Es una mentalidad que reconoce y acepta la naturaleza c\u00edclica inherente a la din\u00e1mica empresarial y organizativa. Implica comprender y navegar por los patrones, ritmos e interdependencias recurrentes de un sistema. El pensamiento c\u00edclico abarca los siguientes aspectos clave:<\/p>\n<ol>\n<li><b>Perspectiva hol\u00edstica<\/b>: Adoptar una perspectiva hol\u00edstica y comprender que las organizaciones y los sistemas est\u00e1n interconectados y funcionan dentro de sistemas m\u00e1s amplios. Los pensadores c\u00edclicos reconocen que las acciones y decisiones en una parte del sistema pueden tener efectos domin\u00f3 en todo el sistema. Tienen en cuenta las interdependencias y los circuitos de retroalimentaci\u00f3n del sistema para tomar decisiones con conocimiento de causa y anticipar posibles repercusiones.<\/li>\n<li><b>Circuitos de retroalimentaci\u00f3n y procesos iterativos<\/b>: Los pensadores c\u00edclicos entienden que los sistemas se caracterizan por bucles de retroalimentaci\u00f3n, en los que las salidas de un sistema influyen en sus entradas y viceversa. Prestan atenci\u00f3n a los mecanismos de retroalimentaci\u00f3n dentro del sistema. Intentan aprender de las experiencias pasadas e iterar sus planteamientos en consecuencia. Reconocen que el aprendizaje y la adaptaci\u00f3n continuos son esenciales para navegar eficazmente por la din\u00e1mica c\u00edclica.<\/li>\n<li><b>Anticipaci\u00f3n y preparaci\u00f3n:<\/b> Los pensadores c\u00edclicos tienen una mentalidad previsora y son proactivos a la hora de anticiparse a los cambios c\u00edclicos y las perturbaciones. Analizan patrones hist\u00f3ricos, tendencias del mercado y factores externos para identificar posibles cambios y prepararse para ellos. Al reconocer las se\u00f1ales de los pr\u00f3ximos ciclos, pueden desarrollar estrategias para aprovechar las oportunidades y mitigar los riesgos. Riesgos asociados al car\u00e1cter c\u00edclico de su sector o mercado.<\/li>\n<li><b>Resiliencia y adaptabilidad<\/b>: El pensamiento c\u00edclico implica desarrollar resiliencia y adaptabilidad para navegar a trav\u00e9s de las diferentes fases del ciclo. Los l\u00edderes c\u00edclicos aceptan el cambio y la incertidumbre, siendo flexibles en sus planteamientos y estrategias. Entienden que adaptarse a las circunstancias cambiantes es crucial para el \u00e9xito sostenible.<\/li>\n<li><b>Perspectiva a largo plazo<\/b>: Los pensadores c\u00edclicos adoptan una perspectiva a largo plazo, reconociendo que los ciclos forman parte de una trayectoria m\u00e1s amplia. Entienden que los patrones c\u00edclicos se repiten a lo largo del tiempo y que las fluctuaciones a corto plazo deben considerarse dentro de tendencias a m\u00e1s largo plazo. Esta perspectiva les ayuda a tomar decisiones estrat\u00e9gicas acordes con los objetivos y la visi\u00f3n generales de la organizaci\u00f3n.<\/li>\n<\/ol>\n<p>En resumen, el pensamiento c\u00edclico combina la conciencia de la din\u00e1mica c\u00edclica del liderazgo y la gesti\u00f3n con los principios del pensamiento sist\u00e9mico. Implica aceptar la interconexi\u00f3n de los sistemas, comprender los circuitos de retroalimentaci\u00f3n y anticiparse y prepararse para los cambios c\u00edclicos.<\/p>\n<p>Cultiva la resistencia y la adaptabilidad y mantiene una perspectiva a largo plazo. Al incorporar el pensamiento c\u00edclico a los procesos de toma de decisiones, los l\u00edderes y directivos pueden navegar eficazmente por la naturaleza c\u00edclica de sus organizaciones y sistemas. Como resultado, est\u00e1n fomentando el crecimiento sostenible y el \u00e9xito.<\/p>\n\t\t\t\t\t\t\t\t<\/div>\n\t\t\t\t<\/div>\n\t\t\t\t<div class=\"elementor-element elementor-element-10dd902 elementor-widget elementor-widget-heading\" data-id=\"10dd902\" data-element_type=\"widget\" data-e-type=\"widget\" data-widget_type=\"heading.default\">\n\t\t\t\t<div class=\"elementor-widget-container\">\n\t\t\t\t\t<h2 class=\"elementor-heading-title elementor-size-default\">Liderazgo c\u00edclico<\/h2>\t\t\t\t<\/div>\n\t\t\t\t<\/div>\n\t\t\t\t<div class=\"elementor-element elementor-element-dd15aee elementor-widget elementor-widget-text-editor\" data-id=\"dd15aee\" data-element_type=\"widget\" data-e-type=\"widget\" data-widget_type=\"text-editor.default\">\n\t\t\t\t<div class=\"elementor-widget-container\">\n\t\t\t\t\t\t\t\t\t<p>El liderazgo c\u00edclico es un enfoque del liderazgo que hace hincapi\u00e9 en la naturaleza continua y c\u00edclica de la din\u00e1mica organizativa y de equipo. Reconoce que las organizaciones y los equipos atraviesan diferentes etapas o ciclos de desarrollo. Un liderazgo eficaz requiere adaptabilidad y capacidad de respuesta a estas fases cambiantes.<\/p>\n<p>En el liderazgo c\u00edclico, los l\u00edderes comprenden que los equipos y las organizaciones pueden experimentar periodos de crecimiento, estabilidad o declive. Reconocen la importancia de guiar y apoyar a los miembros de su equipo en cada etapa, aprovechando sus puntos fuertes y afrontando los retos. Los l\u00edderes c\u00edclicos tambi\u00e9n comprenden que, tras un periodo de crecimiento o \u00e9xito, puede ser necesario renovar, innovar o adaptarse para mantener el impulso.<\/p>\n<p>Este enfoque de liderazgo implica seguir de cerca los progresos del equipo y comprender las necesidades y aspiraciones de sus miembros. Fomenta la colaboraci\u00f3n y la comunicaci\u00f3n y realiza los ajustes necesarios para mantener al equipo alineado con sus objetivos. Los l\u00edderes c\u00edclicos aceptan el cambio, ven los contratiempos como oportunidades de aprendizaje y mejora, y trabajan activamente para crear una cultura organizativa positiva y resistente.<\/p>\t\t\t\t\t\t\t\t<\/div>\n\t\t\t\t<\/div>\n\t\t\t\t<div class=\"elementor-element elementor-element-dcd407b elementor-widget elementor-widget-heading\" data-id=\"dcd407b\" data-element_type=\"widget\" data-e-type=\"widget\" data-widget_type=\"heading.default\">\n\t\t\t\t<div class=\"elementor-widget-container\">\n\t\t\t\t\t<h2 class=\"elementor-heading-title elementor-size-default\">Gesti\u00f3n c\u00edclica<\/h2>\t\t\t\t<\/div>\n\t\t\t\t<\/div>\n\t\t\t\t<div class=\"elementor-element elementor-element-9bda729 elementor-widget elementor-widget-text-editor\" data-id=\"9bda729\" data-element_type=\"widget\" data-e-type=\"widget\" data-widget_type=\"text-editor.default\">\n\t\t\t\t<div class=\"elementor-widget-container\">\n\t\t\t\t\t\t\t\t\t<p>La gesti\u00f3n c\u00edclica se refiere a un enfoque de la gesti\u00f3n de una organizaci\u00f3n o un proyecto que tiene en cuenta la naturaleza c\u00edclica de diversos factores que afectan a sus operaciones. Reconoce que muchos aspectos de la actividad empresarial, como las condiciones econ\u00f3micas, las tendencias del mercado y la disponibilidad de recursos, fluct\u00faan seg\u00fan patrones predecibles a lo largo del tiempo.  <span style=\"text-align: var(--text-align); color: var( --e-global-color-primary );\">En la gesti\u00f3n c\u00edclica, la toma de decisiones y la planificaci\u00f3n se basan en la comprensi\u00f3n de estos ciclos y sus posibles repercusiones en la organizaci\u00f3n. Implica identificar y analizar pautas y tendencias para anticiparse a los cambios y realizar los ajustes oportunos.  <\/span><span style=\"text-align: var(--text-align); color: var( --e-global-color-primary );\">Algunos \u00e1mbitos habituales en los que se aplica la gesti\u00f3n c\u00edclica son:<\/span><\/p>\n<ul>\n<li><b>Ciclos econ\u00f3micos:<\/b> los ciclos econ\u00f3micos suelen consistir en per\u00edodos de expansi\u00f3n y contracci\u00f3n. La gesti\u00f3n c\u00edclica implica adaptar las estrategias y la asignaci\u00f3n de recursos a las condiciones econ\u00f3micas imperantes. Por ejemplo, las medidas de recorte de gastos y las mejoras de la eficiencia pueden acentuarse durante una recesi\u00f3n econ\u00f3mica. Mientras que las inversiones y los planes de expansi\u00f3n pueden tener prioridad durante los periodos de crecimiento.<\/li>\n<li><b>Ciclos de mercado<\/b>: Los mercados suelen presentar patrones c\u00edclicos, como fluctuaciones de la demanda y cambios en las preferencias de los consumidores. Una gesti\u00f3n c\u00edclica eficaz implica el seguimiento de las tendencias del mercado, la realizaci\u00f3n de estudios de mercado y el ajuste de la oferta de productos. As\u00ed como estrategias de precios y marketing acordes.<\/li>\n<li><b>Ciclos de los recursos:<\/b> Debido a la din\u00e1mica de la oferta y la demanda, entre otros factores, determinados recursos, como las materias primas o los recursos naturales, experimentan ciclos de precios. Las organizaciones dedicadas a industrias que dependen de estos recursos deben gestionar sus operaciones teniendo en cuenta estos ciclos. Esto puede implicar la gesti\u00f3n de inventarios, estrategias de cobertura u opciones de abastecimiento alternativas.<\/li>\n<li><b>Ciclos de innovaci\u00f3n<\/b>: Los avances tecnol\u00f3gicos y los ciclos de vida de los productos suelen seguir patrones predecibles. La gesti\u00f3n c\u00edclica en este contexto implica reconocer las etapas de la innovaci\u00f3n. Esto incluye la investigaci\u00f3n y el desarrollo, la introducci\u00f3n de productos, el crecimiento, la madurez y el declive. Ayuda a las organizaciones a planificar el lanzamiento de nuevos productos, las actualizaciones o la diversificaci\u00f3n para seguir siendo competitivas.<\/li>\n<\/ul>\n<p>La gesti\u00f3n c\u00edclica no consiste en predecir el futuro con absoluta certeza. Se trata de comprender y prepararse para las pautas y fluctuaciones recurrentes que influyen en el rendimiento de una organizaci\u00f3n.  <\/p>\n<p>Al reconocer estos ciclos y adaptar sus estrategias en consecuencia, las empresas pueden aumentar su capacidad de resistencia. Y pueden optimizar sus operaciones y tomar decisiones m\u00e1s informadas en un entorno din\u00e1mico.<\/p>\n\t\t\t\t\t\t\t\t<\/div>\n\t\t\t\t<\/div>\n\t\t\t\t<div class=\"elementor-element elementor-element-9297999 elementor-widget elementor-widget-heading\" data-id=\"9297999\" data-element_type=\"widget\" data-e-type=\"widget\" data-widget_type=\"heading.default\">\n\t\t\t\t<div class=\"elementor-widget-container\">\n\t\t\t\t\t<h2 class=\"elementor-heading-title elementor-size-default\">Definici\u00f3n de un l\u00edder c\u00edclico<\/h2>\t\t\t\t<\/div>\n\t\t\t\t<\/div>\n\t\t\t\t<div class=\"elementor-element elementor-element-c05aca3 elementor-widget elementor-widget-text-editor\" data-id=\"c05aca3\" data-element_type=\"widget\" data-e-type=\"widget\" data-widget_type=\"text-editor.default\">\n\t\t\t\t<div class=\"elementor-widget-container\">\n\t\t\t\t\t\t\t\t\t<p>Por lo tanto, un l\u00edder c\u00edclico ser\u00eda un l\u00edder que comprende y gestiona eficazmente la naturaleza c\u00edclica de los diversos factores que afectan a su organizaci\u00f3n.&nbsp;<span style=\"color: var( --e-global-color-primary ); text-align: var(--text-align);\">Un l\u00edder c\u00edclico ser\u00eda capaz de reconocer y analizar patrones y tendencias en \u00e1reas como la econom\u00eda, las condiciones del mercado, la disponibilidad de recursos y los ciclos de innovaci\u00f3n. Comprender\u00edan que estos factores atraviesan ciclos predecibles y adaptar\u00edan su enfoque de liderazgo en consecuencia.&nbsp;<\/span><span style=\"color: var( --e-global-color-primary ); text-align: var(--text-align);\">Algunas de las caracter\u00edsticas y comportamientos que puede mostrar un l\u00edder c\u00edclico son:<\/span><\/p>\n<ul>\n<li><b>Mentalidad adaptable<\/b>:&nbsp;Un l\u00edder c\u00edclico tendr\u00eda una mentalidad abierta y adaptable, reconociendo el cambio constante. Y que pueden ser necesarias diferentes estrategias durante las distintas fases del ciclo. Estar\u00edan dispuestos a ajustar su enfoque y a realizar los cambios necesarios para alcanzar los objetivos de la organizaci\u00f3n.<\/li>\n<li><b>Planificaci\u00f3n estrat\u00e9gica<\/b>:&nbsp;Un l\u00edder c\u00edclico realizar\u00eda una planificaci\u00f3n estrat\u00e9gica teniendo en cuenta los ciclos y tendencias previstos que afectan a su organizaci\u00f3n. Identificar\u00edan de forma proactiva los posibles retos y oportunidades asociados a estos ciclos y desarrollar\u00edan planes para sortearlos con eficacia.<\/li>\n<li><b>Seguimiento y an\u00e1lisis<\/b>:&nbsp;Un l\u00edder c\u00edclico supervisar\u00eda de cerca los datos y la informaci\u00f3n pertinentes para seguir la evoluci\u00f3n de los ciclos e identificar las tendencias emergentes. Emplear\u00edan habilidades anal\u00edticas para interpretar los datos y tomar decisiones informadas basadas en su comprensi\u00f3n de la naturaleza c\u00edclica de diversos factores.<\/li>\n<li><b>Flexibilidad y agilidad<\/b>:&nbsp;Un l\u00edder c\u00edclico ser\u00eda flexible y \u00e1gil a la hora de responder a los cambios del entorno empresarial. Pod\u00edan pivotar y ajustar sus estrategias para optimizar el rendimiento y aprovechar las oportunidades durante las distintas fases del ciclo.<\/li>\n<li><b>Colaboraci\u00f3n y trabajo en equipo<\/b>:&nbsp;Un l\u00edder c\u00edclico fomentar\u00eda un entorno de equipo colaborativo y cohesionado. Fomentar\u00edan la comunicaci\u00f3n abierta, el intercambio de conocimientos y la colaboraci\u00f3n interfuncional para que la organizaci\u00f3n pueda responder eficazmente a los cambios c\u00edclicos.<\/li>\n<\/ul>\n<p>Es importante se\u00f1alar que el t\u00e9rmino \u00abl\u00edder c\u00edclico\u00bb no est\u00e1 ampliamente reconocido en la literatura sobre liderazgo. Aun as\u00ed, las cualidades descritas anteriormente pueden ser valiosas para los l\u00edderes que operan en entornos din\u00e1micos. Es donde los factores c\u00edclicos desempe\u00f1an un papel significativo en el \u00e9xito de la organizaci\u00f3n.<\/p>\t\t\t\t\t\t\t\t<\/div>\n\t\t\t\t<\/div>\n\t\t\t\t<div class=\"elementor-element elementor-element-d8ad4f1 elementor-widget elementor-widget-html\" data-id=\"d8ad4f1\" data-element_type=\"widget\" data-e-type=\"widget\" data-widget_type=\"html.default\">\n\t\t\t\t<div class=\"elementor-widget-container\">\n\t\t\t\t\t<div id=\"buzzsprout-large-player\"><\/div><script type=\"text\/javascript\" charset=\"utf-8\" src=\"https:\/\/www.buzzsprout.com\/2200148.js?container_id=buzzsprout-large-player&amp;player=large\"><\/script>\t\t\t\t<\/div>\n\t\t\t\t<\/div>\n\t\t\t\t\t<\/div>\n\t\t\t\t<\/div>\n\t\t\t\t<\/div>\n\t\t","protected":false},"excerpt":{"rendered":"<p>El pensamiento c\u00edclico es uno de los Thinking Caps del RoundMap\u2122 Panoptic. Es una mentalidad que reconoce y acepta la naturaleza c\u00edclica inherente a la din\u00e1mica empresarial y organizativa. Implica comprender y navegar por los patrones, ritmos e interdependencias recurrentes de un sistema. El pensamiento c\u00edclico abarca los siguientes aspectos clave: Perspectiva hol\u00edstica: Adoptar una [&hellip;]<\/p>\n","protected":false},"author":1,"featured_media":5861,"parent":0,"menu_order":0,"comment_status":"closed","ping_status":"closed","template":"","meta":{"content-type":"","footnotes":""},"class_list":["post-5975","page","type-page","status-publish","has-post-thumbnail","hentry"],"_links":{"self":[{"href":"https:\/\/positiveinquiry.com\/es\/wp-json\/wp\/v2\/pages\/5975","targetHints":{"allow":["GET"]}}],"collection":[{"href":"https:\/\/positiveinquiry.com\/es\/wp-json\/wp\/v2\/pages"}],"about":[{"href":"https:\/\/positiveinquiry.com\/es\/wp-json\/wp\/v2\/types\/page"}],"author":[{"embeddable":true,"href":"https:\/\/positiveinquiry.com\/es\/wp-json\/wp\/v2\/users\/1"}],"replies":[{"embeddable":true,"href":"https:\/\/positiveinquiry.com\/es\/wp-json\/wp\/v2\/comments?post=5975"}],"version-history":[{"count":0,"href":"https:\/\/positiveinquiry.com\/es\/wp-json\/wp\/v2\/pages\/5975\/revisions"}],"wp:featuredmedia":[{"embeddable":true,"href":"https:\/\/positiveinquiry.com\/es\/wp-json\/wp\/v2\/media\/5861"}],"wp:attachment":[{"href":"https:\/\/positiveinquiry.com\/es\/wp-json\/wp\/v2\/media?parent=5975"}],"curies":[{"name":"wp","href":"https:\/\/api.w.org\/{rel}","templated":true}]}}