{"id":5970,"date":"2023-06-08T23:17:04","date_gmt":"2023-06-08T23:17:04","guid":{"rendered":"https:\/\/positiveinquiry.com\/quiere-saber-mas\/"},"modified":"2023-08-15T15:47:21","modified_gmt":"2023-08-15T15:47:21","slug":"quiere-saber-mas","status":"publish","type":"page","link":"https:\/\/positiveinquiry.com\/es\/quiere-saber-mas\/","title":{"rendered":"\u00bfQuiere saber m\u00e1s?"},"content":{"rendered":"\t\t<div data-elementor-type=\"wp-page\" data-elementor-id=\"5970\" class=\"elementor elementor-5970 elementor-4200\" data-elementor-post-type=\"page\">\n\t\t\t\t<div class=\"elementor-element elementor-element-d1f676b e-flex e-con-boxed e-con e-parent\" data-id=\"d1f676b\" data-element_type=\"container\" data-e-type=\"container\">\n\t\t\t\t\t<div class=\"e-con-inner\">\n\t\t\t\t<div class=\"elementor-element elementor-element-990fec2 elementor-widget elementor-widget-text-editor\" data-id=\"990fec2\" data-element_type=\"widget\" data-e-type=\"widget\" data-widget_type=\"text-editor.default\">\n\t\t\t\t<div class=\"elementor-widget-container\">\n\t\t\t\t\t\t\t\t\t<p>Si est\u00e1 interesado en explorar las diversas dimensiones del pensamiento y c\u00f3mo se aplican a su organizaci\u00f3n contemple:<\/p>\n<ol>\n<li>\n<p><b>Investigaci\u00f3n y lectura<\/b>: Revisa libros, art\u00edculos y publicaciones sobre cada capacidad del pensamiento (Thinking Cap) para comprender mejor sus principios y aplicaciones.<\/p>\n<\/li>\n<li>\n<p><b>Recursos en l\u00ednea<\/b>: Busca cursos en l\u00ednea, seminarios web o tutoriales en v\u00eddeo centrados en cada thinking cap. Muchas plataformas educativas ofrecen contenidos especializados sobre liderazgo, estrategia, \u00e9tica, innovaci\u00f3n, y temas relacionados.<\/p>\n<\/li>\n<li>\n<p><b>Talleres y Seminarios<\/b>: Asiste a talleres o webinars impartidos por expertos en los respectivos campos de cada thinking cap. Estos eventos suelen ofrecer ideas pr\u00e1cticas, estudios de casos y sesiones interactivas.<\/p>\n<\/li>\n<li>\n<p><b>Creaci\u00f3n de redes y colaboraci\u00f3n<\/b>: Relaci\u00f3nese con profesionales especializados en cada una de las \u00e1reas de pensamiento a trav\u00e9s de eventos de networking, conferencias del sector o foros en l\u00ednea. Compartir conocimientos, intercambiar ideas y aprender de sus experiencias.<\/p>\n<\/li>\n<li>\n<p><b>Programas de desarrollo profesional:<\/b> Considere la posibilidad de inscribirse en programas de desarrollo profesional o certificaciones que abarquen diferentes dimensiones del pensamiento. Estos programas proporcionan una formaci\u00f3n completa y herramientas pr\u00e1cticas para mejorar su comprensi\u00f3n y aplicaci\u00f3n de cada una de las capacidades de pensamiento (thinking caps).<\/p>\n<\/li>\n<li>\n<p><b>Mentoring o Coaching<\/b>: Busque la orientaci\u00f3n de mentores o coaches con experiencia en thinking caps espec\u00edficos. Sus puntos de vista y consejos personalizados pueden ayudarte a navegar y desarrollar tus habilidades en cada \u00e1rea.<\/p>\n<\/li>\n<\/ol>\n<p><span style=\"text-align: var(--text-align); color: var( --e-global-color-primary );\">Recuerda que la mejor forma de aprender es a trav\u00e9s de la teor\u00eda y la pr\u00e1ctica. As\u00ed pues, no dudes en aplicar estos thinking caps en tu vida personal y profesional para adquirir experiencia pr\u00e1ctica y perfeccionar tus habilidades.<\/span><\/p>\n\t\t\t\t\t\t\t\t<\/div>\n\t\t\t\t<\/div>\n\t\t\t\t<div class=\"elementor-element elementor-element-239f5bb elementor-widget elementor-widget-heading\" data-id=\"239f5bb\" data-element_type=\"widget\" data-e-type=\"widget\" data-widget_type=\"heading.default\">\n\t\t\t\t<div class=\"elementor-widget-container\">\n\t\t\t\t\t<h2 class=\"elementor-heading-title elementor-size-default\">\u00bfPrefieres la v\u00eda r\u00e1pida?<\/h2>\t\t\t\t<\/div>\n\t\t\t\t<\/div>\n\t\t\t\t<div class=\"elementor-element elementor-element-d8fe391 elementor-widget elementor-widget-text-editor\" data-id=\"d8fe391\" data-element_type=\"widget\" data-e-type=\"widget\" data-widget_type=\"text-editor.default\">\n\t\t\t\t<div class=\"elementor-widget-container\">\n\t\t\t\t\t\t\t\t\t<p>\u00bfDesea acelerar su viaje de exploraci\u00f3n de estos thinking caps? Evite los obst\u00e1culos de la investigaci\u00f3n y la formaci\u00f3n. Nuestro equipo de asesores experimentados est\u00e1 a su disposici\u00f3n para ayudarle. Con nuestra experiencia, podr\u00e1 acelerar su comprensi\u00f3n y aplicaci\u00f3n de estas dimensiones, logrando resultados m\u00e1s r\u00e1pidamente. P\u00f3ngase en contacto con nosotros ahora y emb\u00e1rquese en una experiencia de aprendizaje guiado adaptada a sus necesidades y objetivos. Deje que nuestros consultores le ayuden a liberar todo el potencial de los Thinking Caps.<\/p>\n\t\t\t\t\t\t\t\t<\/div>\n\t\t\t\t<\/div>\n\t\t\t\t\t<\/div>\n\t\t\t\t<\/div>\n\t\t\t\t<\/div>\n\t\t","protected":false},"excerpt":{"rendered":"<p>Si est\u00e1 interesado en explorar las diversas dimensiones del pensamiento y c\u00f3mo se aplican a su organizaci\u00f3n contemple: Investigaci\u00f3n y lectura: Revisa libros, art\u00edculos y publicaciones sobre cada capacidad del pensamiento (Thinking Cap) para comprender mejor sus principios y aplicaciones. Recursos en l\u00ednea: Busca cursos en l\u00ednea, seminarios web o tutoriales en v\u00eddeo centrados en [&hellip;]<\/p>\n","protected":false},"author":1,"featured_media":5719,"parent":0,"menu_order":0,"comment_status":"closed","ping_status":"closed","template":"","meta":{"content-type":"","footnotes":""},"class_list":["post-5970","page","type-page","status-publish","has-post-thumbnail","hentry"],"_links":{"self":[{"href":"https:\/\/positiveinquiry.com\/es\/wp-json\/wp\/v2\/pages\/5970","targetHints":{"allow":["GET"]}}],"collection":[{"href":"https:\/\/positiveinquiry.com\/es\/wp-json\/wp\/v2\/pages"}],"about":[{"href":"https:\/\/positiveinquiry.com\/es\/wp-json\/wp\/v2\/types\/page"}],"author":[{"embeddable":true,"href":"https:\/\/positiveinquiry.com\/es\/wp-json\/wp\/v2\/users\/1"}],"replies":[{"embeddable":true,"href":"https:\/\/positiveinquiry.com\/es\/wp-json\/wp\/v2\/comments?post=5970"}],"version-history":[{"count":0,"href":"https:\/\/positiveinquiry.com\/es\/wp-json\/wp\/v2\/pages\/5970\/revisions"}],"wp:featuredmedia":[{"embeddable":true,"href":"https:\/\/positiveinquiry.com\/es\/wp-json\/wp\/v2\/media\/5719"}],"wp:attachment":[{"href":"https:\/\/positiveinquiry.com\/es\/wp-json\/wp\/v2\/media?parent=5970"}],"curies":[{"name":"wp","href":"https:\/\/api.w.org\/{rel}","templated":true}]}}