{"id":5959,"date":"2023-03-01T16:01:00","date_gmt":"2023-03-01T16:01:00","guid":{"rendered":"https:\/\/positiveinquiry.com\/asociaciones\/"},"modified":"2023-07-23T21:15:11","modified_gmt":"2023-07-23T21:15:11","slug":"asociaciones","status":"publish","type":"page","link":"https:\/\/positiveinquiry.com\/es\/asociaciones\/","title":{"rendered":"Partnerships"},"content":{"rendered":"\t\t<div data-elementor-type=\"wp-page\" data-elementor-id=\"5959\" class=\"elementor elementor-5959 elementor-843\" data-elementor-post-type=\"page\">\n\t\t\t\t\t\t<section class=\"elementor-section elementor-top-section elementor-element elementor-element-1acaa0af elementor-section-boxed elementor-section-height-default elementor-section-height-default\" data-id=\"1acaa0af\" data-element_type=\"section\" data-e-type=\"section\">\n\t\t\t\t\t\t<div class=\"elementor-container elementor-column-gap-default\">\n\t\t\t\t\t<div class=\"elementor-column elementor-col-100 elementor-top-column elementor-element elementor-element-69c02871\" data-id=\"69c02871\" data-element_type=\"column\" data-e-type=\"column\">\n\t\t\t<div class=\"elementor-widget-wrap elementor-element-populated\">\n\t\t\t\t\t\t<div class=\"elementor-element elementor-element-6e322f28 elementor-widget elementor-widget-text-editor\" data-id=\"6e322f28\" data-element_type=\"widget\" data-e-type=\"widget\" data-widget_type=\"text-editor.default\">\n\t\t\t\t<div class=\"elementor-widget-container\">\n\t\t\t\t\t\t\t\t\t<p>Construimos s\u00f3lidas alianzas con los pensadores actuales y empresas, fortaleciendo nuestras capacidades y guiando con el ejemplo.<\/p>\n\t\t\t\t\t\t\t\t<\/div>\n\t\t\t\t<\/div>\n\t\t\t\t<div class=\"elementor-element elementor-element-227674d elementor-widget elementor-widget-gallery\" data-id=\"227674d\" data-element_type=\"widget\" data-e-type=\"widget\" data-settings=\"{&quot;columns&quot;:3,&quot;gap&quot;:{&quot;unit&quot;:&quot;px&quot;,&quot;size&quot;:50,&quot;sizes&quot;:[]},&quot;aspect_ratio&quot;:&quot;1:1&quot;,&quot;overlay_title&quot;:&quot;caption&quot;,&quot;lazyload&quot;:&quot;yes&quot;,&quot;gallery_layout&quot;:&quot;grid&quot;,&quot;columns_tablet&quot;:2,&quot;columns_mobile&quot;:1,&quot;gap_tablet&quot;:{&quot;unit&quot;:&quot;px&quot;,&quot;size&quot;:10,&quot;sizes&quot;:[]},&quot;gap_mobile&quot;:{&quot;unit&quot;:&quot;px&quot;,&quot;size&quot;:10,&quot;sizes&quot;:[]},&quot;overlay_background&quot;:&quot;yes&quot;,&quot;content_hover_animation&quot;:&quot;fade-in&quot;}\" data-widget_type=\"gallery.default\">\n\t\t\t\t<div class=\"elementor-widget-container\">\n\t\t\t\t\t\t\t<div class=\"elementor-gallery__container\">\n\t\t\t\t\t\t\t<div class=\"e-gallery-item elementor-gallery-item elementor-animated-content\" tabindex=\"0\">\n\t\t\t\t\t<div class=\"e-gallery-image elementor-gallery-item__image\" data-thumbnail=\"https:\/\/positiveinquiry.com\/wp-content\/uploads\/2023\/04\/kern_agency_400x400.jpg\" data-width=\"400\" data-height=\"400\" aria-label=\"\" role=\"img\" ><\/div>\n\t\t\t\t\t\t\t\t\t\t\t<div class=\"elementor-gallery-item__overlay\"><\/div>\n\t\t\t\t\t\t\t\t\t\t\t\t\t\t\t<div class=\"elementor-gallery-item__content\">\n\t\t\t\t\t\t\t\t\t\t\t\t\t\t<div class=\"elementor-gallery-item__title\">\n\t\t\t\t\t\t\t\t\t\t\t\t\t\t\t\t\t\tKERN, an Omnicom Agency\t\t\t\t\t\t\t\t<\/div>\n\t\t\t\t\t\t\t\t\t\t\t\t<\/div>\n\t\t\t\t\t\t\t\t\t<\/div>\n\t\t\t\t\t\t\t<div class=\"e-gallery-item elementor-gallery-item elementor-animated-content\" tabindex=\"0\">\n\t\t\t\t\t<div class=\"e-gallery-image elementor-gallery-item__image\" data-thumbnail=\"https:\/\/positiveinquiry.com\/wp-content\/uploads\/2023\/04\/Case-Western-Reserve-University-400x400-1.jpg\" data-width=\"400\" data-height=\"400\" aria-label=\"\" role=\"img\" ><\/div>\n\t\t\t\t\t\t\t\t\t\t\t<div class=\"elementor-gallery-item__overlay\"><\/div>\n\t\t\t\t\t\t\t\t\t\t\t\t\t\t\t<div class=\"elementor-gallery-item__content\">\n\t\t\t\t\t\t\t\t\t\t\t\t\t\t<div class=\"elementor-gallery-item__title\">\n\t\t\t\t\t\t\t\t\t\t\t\t\t\t\t\t\t\tCase Western Reserve University\t\t\t\t\t\t\t\t<\/div>\n\t\t\t\t\t\t\t\t\t\t\t\t<\/div>\n\t\t\t\t\t\t\t\t\t<\/div>\n\t\t\t\t\t\t\t<div class=\"e-gallery-item elementor-gallery-item elementor-animated-content\" tabindex=\"0\">\n\t\t\t\t\t<div class=\"e-gallery-image elementor-gallery-item__image\" data-thumbnail=\"https:\/\/positiveinquiry.com\/wp-content\/uploads\/2023\/07\/LOGOTIPO-AZUL-003-768x768.png\" data-width=\"768\" data-height=\"768\" aria-label=\"LOGOTIPO AZUL (003)\" role=\"img\" ><\/div>\n\t\t\t\t\t\t\t\t\t\t\t<div class=\"elementor-gallery-item__overlay\"><\/div>\n\t\t\t\t\t\t\t\t\t\t\t\t\t\t\t<div class=\"elementor-gallery-item__content\">\n\t\t\t\t\t\t\t\t\t\t\t\t\t\t<div class=\"elementor-gallery-item__title\">\n\t\t\t\t\t\t\t\t\t\t\t\t\t\t\t\t\t\tSitara Corporation\t\t\t\t\t\t\t\t<\/div>\n\t\t\t\t\t\t\t\t\t\t\t\t<\/div>\n\t\t\t\t\t\t\t\t\t<\/div>\n\t\t\t\t\t<\/div>\n\t\t\t\t\t<\/div>\n\t\t\t\t<\/div>\n\t\t\t\t<div class=\"elementor-element elementor-element-44d0c17 elementor-widget-divider--view-line elementor-widget elementor-widget-divider\" data-id=\"44d0c17\" data-element_type=\"widget\" data-e-type=\"widget\" data-widget_type=\"divider.default\">\n\t\t\t\t<div class=\"elementor-widget-container\">\n\t\t\t\t\t\t\t<div class=\"elementor-divider\">\n\t\t\t<span class=\"elementor-divider-separator\">\n\t\t\t\t\t\t<\/span>\n\t\t<\/div>\n\t\t\t\t\t\t<\/div>\n\t\t\t\t<\/div>\n\t\t\t\t<div class=\"elementor-element elementor-element-e96a222 elementor-widget elementor-widget-heading\" data-id=\"e96a222\" data-element_type=\"widget\" data-e-type=\"widget\" data-widget_type=\"heading.default\">\n\t\t\t\t<div class=\"elementor-widget-container\">\n\t\t\t\t\t<h3 class=\"elementor-heading-title elementor-size-default\">Colaboradores muy valorados<\/h3>\t\t\t\t<\/div>\n\t\t\t\t<\/div>\n\t\t\t\t<div class=\"elementor-element elementor-element-b75c053 elementor-widget elementor-widget-text-editor\" data-id=\"b75c053\" data-element_type=\"widget\" data-e-type=\"widget\" data-widget_type=\"text-editor.default\">\n\t\t\t\t<div class=\"elementor-widget-container\">\n\t\t\t\t\t\t\t\t\t<p>Las siguientes personas han desempe\u00f1ado un papel decisivo en la comercializaci\u00f3n de Positive Inquiry\u2122 y, en cierta medida, de RoundMap\u2122. Sus continuas contribuciones al plan de estudios son muy apreciadas y valoradas.<\/p>\n\t\t\t\t\t\t\t\t<\/div>\n\t\t\t\t<\/div>\n\t\t\t\t<div class=\"elementor-element elementor-element-2c96476 elementor-widget elementor-widget-text-editor\" data-id=\"2c96476\" data-element_type=\"widget\" data-e-type=\"widget\" data-widget_type=\"text-editor.default\">\n\t\t\t\t<div class=\"elementor-widget-container\">\n\t\t\t\t\t\t\t\t\t<ul>\n<li><strong>Henk Koopmans<\/strong>, Presidente del Consejo Asesor,&nbsp;<a href=\"https:\/\/cross-silo.com\/team\/\" target=\"_blank\" rel=\"noopener\">CROSS-SILO BV<\/a> (B\u00e9t\u00eate, Francia) \u2500 por compartir su sabidur\u00eda, ofrecernos un o\u00eddo comprensivo y animarnos a continuar incluso cuando el futuro parec\u00eda m\u00e1s incierto.<\/li>\n<li><strong>Russell Kern<\/strong>, CEO de&nbsp; KERN<a href=\"https:\/\/kernagency.com\" target=\"_blank\" rel=\"noopener\">Agency<\/a>, una empresa de Omnicom (Los \u00c1ngeles, California), ahora fundador de&nbsp; Kern<a href=\"https:\/\/www.kernandpartners.com\/\" target=\"_blank\" rel=\"noopener\">and Partners<\/a> \u2500 por confiarnos la direcci\u00f3n de los proyectos de cambio positivo en KERN y Canon USA.<\/li>\n<li><strong>David Cooperrider<\/strong>,&nbsp;<a href=\"https:\/\/case.edu\/weatherhead\/about\/faculty-and-staff-directory\/david-cooperrider\" target=\"_blank\" rel=\"noopener\">profesor de la Case Western Reserve University<\/a> (Cleveland, Ohio) \u2500 por crear el cuaderno de trabajo de la Cumbre de Indagaci\u00f3n Positiva de Canon USA.<\/li>\n<li><strong>Ron Fry<\/strong>,&nbsp;<a href=\"https:\/\/case.edu\/weatherhead\/about\/faculty-and-staff-directory\/ronald-fry\" target=\"_blank\" rel=\"noopener\">profesor de la Case Western Reserve University<\/a> (Cleveland, Ohio) \u2500 por dirigir la Cumbre de Investigaci\u00f3n Positiva en Canon USA en Nueva York.<\/li>\n<li><b>Diego Capelluto<\/b>, CEO\/Fundador de &nbsp;<a href=\"https:\/\/sitaracorp.com\" target=\"_blank\" rel=\"noopener\">Sitara Corporation<\/a>&nbsp;\u2500 por ayudarnos a traducir nuestra p\u00e1gina web al espa\u00f1ol y ayudarnos a crear im\u00e1genes y descripciones de nuestras metodolog\u00edas m\u00e1s f\u00e1ciles de entender.<\/li>\n<\/ul>\t\t\t\t\t\t\t\t<\/div>\n\t\t\t\t<\/div>\n\t\t\t\t\t<\/div>\n\t\t<\/div>\n\t\t\t\t\t<\/div>\n\t\t<\/section>\n\t\t\t\t<\/div>\n\t\t","protected":false},"excerpt":{"rendered":"<p>Construimos s\u00f3lidas alianzas con los pensadores actuales y empresas, fortaleciendo nuestras capacidades y guiando con el ejemplo. kernagency.com case.edu sitaracorp.com Colaboradores muy valorados Las siguientes personas han desempe\u00f1ado un papel decisivo en la comercializaci\u00f3n de Positive Inquiry\u2122 y, en cierta medida, de RoundMap\u2122. Sus continuas contribuciones al plan de estudios son muy apreciadas y valoradas. [&hellip;]<\/p>\n","protected":false},"author":1,"featured_media":5695,"parent":0,"menu_order":0,"comment_status":"closed","ping_status":"closed","template":"","meta":{"content-type":"","footnotes":""},"class_list":["post-5959","page","type-page","status-publish","has-post-thumbnail","hentry"],"_links":{"self":[{"href":"https:\/\/positiveinquiry.com\/es\/wp-json\/wp\/v2\/pages\/5959","targetHints":{"allow":["GET"]}}],"collection":[{"href":"https:\/\/positiveinquiry.com\/es\/wp-json\/wp\/v2\/pages"}],"about":[{"href":"https:\/\/positiveinquiry.com\/es\/wp-json\/wp\/v2\/types\/page"}],"author":[{"embeddable":true,"href":"https:\/\/positiveinquiry.com\/es\/wp-json\/wp\/v2\/users\/1"}],"replies":[{"embeddable":true,"href":"https:\/\/positiveinquiry.com\/es\/wp-json\/wp\/v2\/comments?post=5959"}],"version-history":[{"count":0,"href":"https:\/\/positiveinquiry.com\/es\/wp-json\/wp\/v2\/pages\/5959\/revisions"}],"wp:featuredmedia":[{"embeddable":true,"href":"https:\/\/positiveinquiry.com\/es\/wp-json\/wp\/v2\/media\/5695"}],"wp:attachment":[{"href":"https:\/\/positiveinquiry.com\/es\/wp-json\/wp\/v2\/media?parent=5959"}],"curies":[{"name":"wp","href":"https:\/\/api.w.org\/{rel}","templated":true}]}}