{"id":5946,"date":"2023-02-26T21:23:53","date_gmt":"2023-02-26T21:23:53","guid":{"rendered":"https:\/\/positiveinquiry.com\/contacte-con\/"},"modified":"2023-10-25T14:18:29","modified_gmt":"2023-10-25T14:18:29","slug":"contacte-con","status":"publish","type":"page","link":"https:\/\/positiveinquiry.com\/es\/contacte-con\/","title":{"rendered":"Hablemos"},"content":{"rendered":"\t\t<div data-elementor-type=\"wp-page\" data-elementor-id=\"5946\" class=\"elementor elementor-5946 elementor-457\" data-elementor-post-type=\"page\">\n\t\t\t\t<div class=\"elementor-element elementor-element-1c5e5d5 e-flex e-con-boxed e-con e-parent\" data-id=\"1c5e5d5\" data-element_type=\"container\" data-e-type=\"container\">\n\t\t\t\t\t<div class=\"e-con-inner\">\n\t\t<div class=\"elementor-element elementor-element-e2c9d33 e-flex e-con-boxed e-con e-child\" data-id=\"e2c9d33\" data-element_type=\"container\" data-e-type=\"container\">\n\t\t\t\t\t<div class=\"e-con-inner\">\n\t\t\t\t<div class=\"elementor-element elementor-element-1469b31 elementor-widget elementor-widget-heading\" data-id=\"1469b31\" data-element_type=\"widget\" data-e-type=\"widget\" data-widget_type=\"heading.default\">\n\t\t\t\t<div class=\"elementor-widget-container\">\n\t\t\t\t\t<h2 class=\"elementor-heading-title elementor-size-default\">Formulario de contacto<\/h2>\t\t\t\t<\/div>\n\t\t\t\t<\/div>\n\t\t\t\t<div class=\"elementor-element elementor-element-c65db83 elementor-widget elementor-widget-text-editor\" data-id=\"c65db83\" data-element_type=\"widget\" data-e-type=\"widget\" data-widget_type=\"text-editor.default\">\n\t\t\t\t<div class=\"elementor-widget-container\">\n\t\t\t\t\t\t\t\t\t<p>Dada la diferencia horaria, podemos tardar hasta 24 horas en responder.<\/p>\n\t\t\t\t\t\t\t\t<\/div>\n\t\t\t\t<\/div>\n\t\t\t\t<div class=\"elementor-element elementor-element-54d0d7d elementor-button-align-stretch elementor-widget elementor-widget-form\" data-id=\"54d0d7d\" data-element_type=\"widget\" data-e-type=\"widget\" data-settings=\"{&quot;step_next_label&quot;:&quot;Siguiente&quot;,&quot;step_previous_label&quot;:&quot;Anteriormente&quot;,&quot;button_width&quot;:&quot;100&quot;,&quot;step_type&quot;:&quot;number_text&quot;,&quot;step_icon_shape&quot;:&quot;circle&quot;}\" data-widget_type=\"form.default\">\n\t\t\t\t<div class=\"elementor-widget-container\">\n\t\t\t\t\t\t\t<form class=\"elementor-form\" method=\"post\" id=\"form_positive_inquiry\" name=\"Nuevo formulario\" aria-label=\"Nuevo formulario\" novalidate=\"\">\n\t\t\t<input type=\"hidden\" name=\"post_id\" value=\"5946\"\/>\n\t\t\t<input type=\"hidden\" name=\"form_id\" value=\"54d0d7d\"\/>\n\t\t\t<input type=\"hidden\" name=\"referer_title\" value=\"\" \/>\n\n\t\t\t\n\t\t\t<div class=\"elementor-form-fields-wrapper elementor-labels-\">\n\t\t\t\t\t\t\t\t<div class=\"elementor-field-type-text elementor-field-group elementor-column elementor-field-group-name elementor-col-100\">\n\t\t\t\t\t\t\t\t\t\t\t\t<label for=\"form-field-name\" class=\"elementor-field-label elementor-screen-only\">\n\t\t\t\t\t\t\t\tNombre\t\t\t\t\t\t\t<\/label>\n\t\t\t\t\t\t\t\t\t\t\t\t\t\t<input size=\"1\" type=\"text\" name=\"form_fields[name]\" id=\"form-field-name\" class=\"elementor-field elementor-size-sm  elementor-field-textual\" placeholder=\"Nombre\">\n\t\t\t\t\t\t\t\t\t\t\t<\/div>\n\t\t\t\t\t\t\t\t<div class=\"elementor-field-type-email elementor-field-group elementor-column elementor-field-group-email elementor-col-100 elementor-field-required\">\n\t\t\t\t\t\t\t\t\t\t\t\t<label for=\"form-field-email\" class=\"elementor-field-label elementor-screen-only\">\n\t\t\t\t\t\t\t\tEnv\u00ede un correo electr\u00f3nico a\t\t\t\t\t\t\t<\/label>\n\t\t\t\t\t\t\t\t\t\t\t\t\t\t<input size=\"1\" type=\"email\" name=\"form_fields[email]\" id=\"form-field-email\" class=\"elementor-field elementor-size-sm  elementor-field-textual\" placeholder=\"Env\u00ede un correo electr\u00f3nico a\" required=\"required\">\n\t\t\t\t\t\t\t\t\t\t\t<\/div>\n\t\t\t\t\t\t\t\t<div class=\"elementor-field-type-textarea elementor-field-group elementor-column elementor-field-group-message elementor-col-100\">\n\t\t\t\t\t\t\t\t\t\t\t\t<label for=\"form-field-message\" class=\"elementor-field-label elementor-screen-only\">\n\t\t\t\t\t\t\t\tMensaje\t\t\t\t\t\t\t<\/label>\n\t\t\t\t\t\t<textarea class=\"elementor-field-textual elementor-field  elementor-size-sm\" name=\"form_fields[message]\" id=\"form-field-message\" rows=\"4\" placeholder=\"Mensaje\"><\/textarea>\t\t\t\t<\/div>\n\t\t\t\t\t\t\t\t<div class=\"elementor-field-type-text\">\n\t\t\t\t\t<input size=\"1\" type=\"text\" name=\"form_fields[get_out]\" id=\"form-field-get_out\" class=\"elementor-field elementor-size-sm \" style=\"display:none !important;\">\t\t\t\t<\/div>\n\t\t\t\t\t\t\t\t<div class=\"elementor-field-group elementor-column elementor-field-type-submit elementor-col-100 e-form__buttons\">\n\t\t\t\t\t<button class=\"elementor-button elementor-size-sm\" type=\"submit\">\n\t\t\t\t\t\t<span class=\"elementor-button-content-wrapper\">\n\t\t\t\t\t\t\t\t\t\t\t\t\t\t\t\t\t\t\t\t\t\t<span class=\"elementor-button-text\">Enviar<\/span>\n\t\t\t\t\t\t\t\t\t\t\t\t\t<\/span>\n\t\t\t\t\t<\/button>\n\t\t\t\t<\/div>\n\t\t\t<\/div>\n\t\t<\/form>\n\t\t\t\t\t\t<\/div>\n\t\t\t\t<\/div>\n\t\t\t\t\t<\/div>\n\t\t\t\t<\/div>\n\t\t<div class=\"elementor-element elementor-element-a7c2b7b e-flex e-con-boxed e-con e-child\" data-id=\"a7c2b7b\" data-element_type=\"container\" data-e-type=\"container\">\n\t\t\t\t\t<div class=\"e-con-inner\">\n\t\t\t\t<div class=\"elementor-element elementor-element-048743a elementor-widget elementor-widget-heading\" data-id=\"048743a\" data-element_type=\"widget\" data-e-type=\"widget\" data-widget_type=\"heading.default\">\n\t\t\t\t<div class=\"elementor-widget-container\">\n\t\t\t\t\t<h2 class=\"elementor-heading-title elementor-size-default\">Informaci\u00f3n de contacto<\/h2>\t\t\t\t<\/div>\n\t\t\t\t<\/div>\n\t\t\t\t<div class=\"elementor-element elementor-element-4c46276 elementor-widget elementor-widget-text-editor\" data-id=\"4c46276\" data-element_type=\"widget\" data-e-type=\"widget\" data-widget_type=\"text-editor.default\">\n\t\t\t\t<div class=\"elementor-widget-container\">\n\t\t\t\t\t\t\t\t\t<p><strong>CROSS-SILO BV<\/strong><br \/>Mandela Square 1<br \/>Regus Martinez Tower, 18th floor<br \/>1314 CG Almere<br \/>Pa\u00edses Bajos<\/p>\n<p>C\u00e1mara de Comercio 66749115<br \/>IVA NL 856683097B01<\/p>\n<p>Tel\u00e9fono internacional:<br \/>+31-88-123-1111<\/p>\n<p>Tel\u00e9fono USA, Los \u00c1ngeles:<br \/>(213) 900-2134<\/p>\n<p>Tel\u00e9fono USA, Nueva York:<br \/>(332) 900-4312<\/p>\n\t\t\t\t\t\t\t\t<\/div>\n\t\t\t\t<\/div>\n\t\t\t\t\t<\/div>\n\t\t\t\t<\/div>\n\t\t<div class=\"elementor-element elementor-element-de15147 e-flex e-con-boxed e-con e-child\" data-id=\"de15147\" data-element_type=\"container\" data-e-type=\"container\">\n\t\t\t\t\t<div class=\"e-con-inner\">\n\t\t\t\t<div class=\"elementor-element elementor-element-7b411bb elementor-widget elementor-widget-image\" data-id=\"7b411bb\" data-element_type=\"widget\" data-e-type=\"widget\" data-widget_type=\"image.default\">\n\t\t\t\t<div class=\"elementor-widget-container\">\n\t\t\t\t\t\t\t\t\t\t\t\t\t\t\t<img fetchpriority=\"high\" decoding=\"async\" width=\"600\" height=\"744\" src=\"https:\/\/positiveinquiry.com\/wp-content\/uploads\/2023\/03\/roundmap_martinez_toren.png\" class=\"attachment-large size-large wp-image-5633\" alt=\"\" srcset=\"https:\/\/positiveinquiry.com\/wp-content\/uploads\/2023\/03\/roundmap_martinez_toren.png 600w, https:\/\/positiveinquiry.com\/wp-content\/uploads\/2023\/03\/roundmap_martinez_toren-242x300.png 242w\" sizes=\"(max-width: 600px) 100vw, 600px\" \/>\t\t\t\t\t\t\t\t\t\t\t\t\t\t\t<\/div>\n\t\t\t\t<\/div>\n\t\t\t\t\t<\/div>\n\t\t\t\t<\/div>\n\t\t\t\t\t<\/div>\n\t\t\t\t<\/div>\n\t\t\t\t<\/div>\n\t\t","protected":false},"excerpt":{"rendered":"<p>Formulario de contacto Dada la diferencia horaria, podemos tardar hasta 24 horas en responder. Informaci\u00f3n de contacto CROSS-SILO BVMandela Square 1Regus Martinez Tower, 18th floor1314 CG AlmerePa\u00edses Bajos C\u00e1mara de Comercio 66749115IVA NL 856683097B01 Tel\u00e9fono internacional:+31-88-123-1111 Tel\u00e9fono USA, Los \u00c1ngeles:(213) 900-2134 Tel\u00e9fono USA, Nueva York:(332) 900-4312<\/p>\n","protected":false},"author":1,"featured_media":5667,"parent":0,"menu_order":0,"comment_status":"closed","ping_status":"closed","template":"","meta":{"content-type":"","footnotes":""},"class_list":["post-5946","page","type-page","status-publish","has-post-thumbnail","hentry"],"_links":{"self":[{"href":"https:\/\/positiveinquiry.com\/es\/wp-json\/wp\/v2\/pages\/5946","targetHints":{"allow":["GET"]}}],"collection":[{"href":"https:\/\/positiveinquiry.com\/es\/wp-json\/wp\/v2\/pages"}],"about":[{"href":"https:\/\/positiveinquiry.com\/es\/wp-json\/wp\/v2\/types\/page"}],"author":[{"embeddable":true,"href":"https:\/\/positiveinquiry.com\/es\/wp-json\/wp\/v2\/users\/1"}],"replies":[{"embeddable":true,"href":"https:\/\/positiveinquiry.com\/es\/wp-json\/wp\/v2\/comments?post=5946"}],"version-history":[{"count":0,"href":"https:\/\/positiveinquiry.com\/es\/wp-json\/wp\/v2\/pages\/5946\/revisions"}],"wp:featuredmedia":[{"embeddable":true,"href":"https:\/\/positiveinquiry.com\/es\/wp-json\/wp\/v2\/media\/5667"}],"wp:attachment":[{"href":"https:\/\/positiveinquiry.com\/es\/wp-json\/wp\/v2\/media?parent=5946"}],"curies":[{"name":"wp","href":"https:\/\/api.w.org\/{rel}","templated":true}]}}