{"id":5942,"date":"2023-02-23T20:53:39","date_gmt":"2023-02-23T20:53:39","guid":{"rendered":"https:\/\/positiveinquiry.com\/positive-inquiry-transformar-vidas-potenciar-futuros\/"},"modified":"2024-05-29T23:44:16","modified_gmt":"2024-05-29T23:44:16","slug":"positive-inquiry-transformar-vidas-potenciar-futuros","status":"publish","type":"page","link":"https:\/\/positiveinquiry.com\/es\/","title":{"rendered":"Positive Inquiry\u2122"},"content":{"rendered":"\t\t<div data-elementor-type=\"wp-page\" data-elementor-id=\"5942\" class=\"elementor elementor-5942 elementor-2\" data-elementor-post-type=\"page\">\n\t\t\t\t<div class=\"elementor-element elementor-element-2bef33c e-flex e-con-boxed e-con e-parent\" data-id=\"2bef33c\" data-element_type=\"container\" data-e-type=\"container\">\n\t\t\t\t\t<div class=\"e-con-inner\">\n\t\t<div class=\"elementor-element elementor-element-1c3c6c1 e-con-full e-flex e-con e-child\" data-id=\"1c3c6c1\" data-element_type=\"container\" data-e-type=\"container\">\n\t\t\t\t<div class=\"elementor-element elementor-element-6b32c0e elementor-widget elementor-widget-html\" data-id=\"6b32c0e\" data-element_type=\"widget\" data-e-type=\"widget\" data-widget_type=\"html.default\">\n\t\t\t\t<div class=\"elementor-widget-container\">\n\t\t\t\t\t\t\t\t\t<\/div>\n\t\t\t\t<\/div>\n\t\t\t\t<div class=\"elementor-element elementor-element-34a54fd elementor-widget elementor-widget-heading\" data-id=\"34a54fd\" data-element_type=\"widget\" data-e-type=\"widget\" data-widget_type=\"heading.default\">\n\t\t\t\t<div class=\"elementor-widget-container\">\n\t\t\t\t\t<h2 class=\"elementor-heading-title elementor-size-default\">Potenciemos futuros, transformando vidas.<\/h2>\t\t\t\t<\/div>\n\t\t\t\t<\/div>\n\t\t\t\t<div class=\"elementor-element elementor-element-8c68fe7 elementor-widget elementor-widget-html\" data-id=\"8c68fe7\" data-element_type=\"widget\" data-e-type=\"widget\" data-widget_type=\"html.default\">\n\t\t\t\t<div class=\"elementor-widget-container\">\n\t\t\t\t\t\t\t\t\t<\/div>\n\t\t\t\t<\/div>\n\t\t\t\t<div class=\"elementor-element elementor-element-ca546ac elementor-widget elementor-widget-text-editor\" data-id=\"ca546ac\" data-element_type=\"widget\" data-e-type=\"widget\" data-widget_type=\"text-editor.default\">\n\t\t\t\t<div class=\"elementor-widget-container\">\n\t\t\t\t\t\t\t\t\t<p><b>Bienvenido a nuestra p\u00e1gina web. La investigaci\u00f3n sugiere que en tiempos de velocidad, incertidumbre, complejidad y ambig\u00fcedad sin precedentes (o VUCA), los l\u00edderes deben cambiar su mentalidad y pasar de la soluci\u00f3n de problemas aislados a la b\u00fasqueda de soluciones para todo el sistema. Con los r\u00e1pidos avances de la Inteligencia Artificial y las consecuencias de largo alcance de acontecimientos mundiales como la guerra de Ucrania, la necesidad de una adaptaci\u00f3n radical se hace cada vez m\u00e1s evidente.<\/b><\/p>\n<p><span style=\"text-align: var(--text-align); color: var( --e-global-color-primary );\">Atr\u00e1s quedaron los d\u00edas en los que se depend\u00eda \u00fanicamente de la optimizaci\u00f3n del rendimiento para sobrevivir. La naturaleza din\u00e1mica de nuestro entorno exige que adoptemos una mentalidad diferente.&nbsp;Un mindset que acepte la incertidumbre y busque activamente oportunidades de crecimiento en medio de las turbulencias. En este contexto, el Positive Inquiry\u2122 (Indagaci\u00f3n Positiva) emerge como una poderosa herramienta para navegar las complejidades de nuestros tiempo.<\/span><\/p>\n<p><span style=\"text-align: var(--text-align); color: var( --e-global-color-primary );\">Positive Inquiry\u2122 alienta a las organizaciones a ir m\u00e1s all\u00e1 de la resoluci\u00f3n de problemas y explorar enfoques innovadores para abordar los nuevos retos. Si dejamos de centrarnos en la predicci\u00f3n de resultados y nos centramos en la comprensi\u00f3n de las fuerzas subyacentes, adquirimos la capacidad de anticiparnos y adaptarnos a los cambios del entorno. Esta actitud proactiva permite a las organizaciones afrontar el temporal de cambios y prosperar en medio de la incertidumbre.<\/span><\/p>\n<p>Nos convertimos en agentes del cambio positivo al implicar a todas las partes interesadas en conversaciones positivas. Compartiendo historias sobre nuestros mayores logros, nos vamos transformando a medida que crece la conciencia de nuestras fortalezas. Esto nos d\u00e1 la esperanza, el coraje y el entusiasmo tan necesarios para abrazar la transformaci\u00f3n y descubrir nuevas posibilidades, aprovechar las oportunidades sin explotar y crear resiliencia frente al VICA.<\/p>\n<p><span style=\"text-align: var(--text-align); color: var( --e-global-color-primary );\">En esta plataforma, exploramos el poder transformador de Positive Inquiry\u2122, donde ayudamos a las organizaciones a superar las restricciones impuestas por el pensamiento convencional y a enfrentar lo desconocido con confianza. Nuestro enfoque busca desbloquear el potencial oculto y fomentar una mentalidad abierta hacia nuevas posibilidades. Al aprovechar el poder de la investigaci\u00f3n, descubrimos nuevas perspectivas y cultivamos la agilidad necesaria para navegar por territorios desconocidos.<\/span><\/p>\n<p><span style=\"text-align: var(--text-align); color: var( --e-global-color-primary );\">\u00danase a nosotros en la b\u00fasqueda de un cambio transformador como pioneros de una nueva era de crecimiento y adaptabilidad. Abracemos las complejidades de nuestro mundo, aprovechemos el potencial del cambio positivo y demos forma a un futuro resilente y pr\u00f3spero frente a la incertidumbre.<\/span><\/p>\t\t\t\t\t\t\t\t<\/div>\n\t\t\t\t<\/div>\n\t\t\t\t<div class=\"elementor-element elementor-element-c273081 elementor-widget-divider--view-line elementor-widget elementor-widget-divider\" data-id=\"c273081\" data-element_type=\"widget\" data-e-type=\"widget\" data-widget_type=\"divider.default\">\n\t\t\t\t<div class=\"elementor-widget-container\">\n\t\t\t\t\t\t\t<div class=\"elementor-divider\">\n\t\t\t<span class=\"elementor-divider-separator\">\n\t\t\t\t\t\t<\/span>\n\t\t<\/div>\n\t\t\t\t\t\t<\/div>\n\t\t\t\t<\/div>\n\t\t\t\t<div class=\"elementor-element elementor-element-365734a elementor-widget elementor-widget-heading\" data-id=\"365734a\" data-element_type=\"widget\" data-e-type=\"widget\" data-widget_type=\"heading.default\">\n\t\t\t\t<div class=\"elementor-widget-container\">\n\t\t\t\t\t<h2 class=\"elementor-heading-title elementor-size-default\">Sobre nosotros<\/h2>\t\t\t\t<\/div>\n\t\t\t\t<\/div>\n\t\t\t\t<div class=\"elementor-element elementor-element-bc0717b elementor-widget elementor-widget-text-editor\" data-id=\"bc0717b\" data-element_type=\"widget\" data-e-type=\"widget\" data-widget_type=\"text-editor.default\">\n\t\t\t\t<div class=\"elementor-widget-container\">\n\t\t\t\t\t\t\t\t\t<p>Somos <a href=\"https:\/\/cross-silo.com\" target=\"_blank\" rel=\"noopener\">CROSS-SILO<\/a>-nuestro prop\u00f3sito es conectar sistemas humanos. Nos llena de un inmenso orgullo y gratitud el haber tenido la oportunidad de aplicar nuestro enfoque de sistema integral en reconocidas empresas de la lista Fortune 500, tales como <a href=\"https:\/\/www.omnicomgroup.com\/\" target=\"_blank\" rel=\"noopener\">Omnicom Group<\/a> y <a href=\"https:\/\/www.usa.canon.com\/\" target=\"_blank\" rel=\"noopener\">Canon USA<\/a>. Este logro fue posible gracias a la confianza depositada en nosotros por <a href=\"https:\/\/kernagency.com\" target=\"_blank\" rel=\"noopener\">la agencia KERN<\/a>, en estrecha colaboraci\u00f3n con los destacados profesores <a href=\"https:\/\/case.edu\/weatherhead\/about\/faculty-and-staff-directory\/david-cooperrider\" target=\"_blank\" rel=\"noopener\">David Cooperrider<\/a> y <a href=\"https:\/\/case.edu\/weatherhead\/about\/faculty-and-staff-directory\/ronald-fry\" target=\"_blank\" rel=\"noopener\">Ron Fry<\/a> de la prestigiosa Case Western Reserve University, una instituci\u00f3n que ha sido cuna del cambio positivo.<\/p>\n\t\t\t\t\t\t\t\t<\/div>\n\t\t\t\t<\/div>\n\t\t<div class=\"elementor-element elementor-element-1785ab4 e-flex e-con-boxed e-con e-child\" data-id=\"1785ab4\" data-element_type=\"container\" data-e-type=\"container\">\n\t\t\t\t\t<div class=\"e-con-inner\">\n\t\t\t\t<div class=\"elementor-element elementor-element-2be14f4 elementor-widget elementor-widget-image\" data-id=\"2be14f4\" data-element_type=\"widget\" data-e-type=\"widget\" data-widget_type=\"image.default\">\n\t\t\t\t<div class=\"elementor-widget-container\">\n\t\t\t\t\t\t\t\t\t\t\t\t\t\t\t\t<a href=\"https:\/\/positiveinquiry.com\/es\/ciclo-positive-inquiry\/\">\n\t\t\t\t\t\t\t<img fetchpriority=\"high\" decoding=\"async\" width=\"1536\" height=\"916\" src=\"https:\/\/positiveinquiry.com\/wp-content\/uploads\/2023\/06\/cross-silo-shutterstock_600218939_positive_inquiry-1536x916.png\" class=\"attachment-1536x1536 size-1536x1536 wp-image-5909\" alt=\"\" srcset=\"https:\/\/positiveinquiry.com\/wp-content\/uploads\/2023\/06\/cross-silo-shutterstock_600218939_positive_inquiry-1536x916.png 1536w, https:\/\/positiveinquiry.com\/wp-content\/uploads\/2023\/06\/cross-silo-shutterstock_600218939_positive_inquiry-300x179.png 300w, https:\/\/positiveinquiry.com\/wp-content\/uploads\/2023\/06\/cross-silo-shutterstock_600218939_positive_inquiry-1024x611.png 1024w, https:\/\/positiveinquiry.com\/wp-content\/uploads\/2023\/06\/cross-silo-shutterstock_600218939_positive_inquiry-768x458.png 768w, https:\/\/positiveinquiry.com\/wp-content\/uploads\/2023\/06\/cross-silo-shutterstock_600218939_positive_inquiry-2048x1222.png 2048w\" sizes=\"(max-width: 1536px) 100vw, 1536px\" \/>\t\t\t\t\t\t\t\t<\/a>\n\t\t\t\t\t\t\t\t\t\t\t\t\t\t\t<\/div>\n\t\t\t\t<\/div>\n\t\t\t\t\t<\/div>\n\t\t\t\t<\/div>\n\t\t\t\t<div class=\"elementor-element elementor-element-3ad9926 elementor-widget elementor-widget-text-editor\" data-id=\"3ad9926\" data-element_type=\"widget\" data-e-type=\"widget\" data-widget_type=\"text-editor.default\">\n\t\t\t\t<div class=\"elementor-widget-container\">\n\t\t\t\t\t\t\t\t\t<blockquote><p>En su cl\u00e1sico de 1967, <a style=\"background-color: #fafafa;\" href=\"https:\/\/www.amazon.com\/Effective-Executive-Definitive-Harperbusiness-Essentials\/dp\/0060833459\" target=\"_blank\" rel=\"noopener\">El ejecutivo eficaz<\/a>, Peter Drucker escribi\u00f3: \u00abHacer que la fuerza sea productiva es el \u00fanico prop\u00f3sito de la organizaci\u00f3n. No puede, por supuesto, superar las debilidades con las que cada uno de nosotros est\u00e1 abundantemente dotado. Pero puede hacerlas irrelevantes\u00bb.<\/p><\/blockquote>\n\t\t\t\t\t\t\t\t<\/div>\n\t\t\t\t<\/div>\n\t\t\t\t<div class=\"elementor-element elementor-element-d0f554b elementor-grid-4 speaker-mute elementor-grid-tablet-2 elementor-grid-mobile-1 elementor-posts--thumbnail-top elementor-card-shadow-yes elementor-posts__hover-gradient elementor-widget elementor-widget-posts\" data-id=\"d0f554b\" data-element_type=\"widget\" data-e-type=\"widget\" id=\"speaker-mute\" data-settings=\"{&quot;cards_columns&quot;:&quot;4&quot;,&quot;cards_columns_tablet&quot;:&quot;2&quot;,&quot;cards_columns_mobile&quot;:&quot;1&quot;,&quot;cards_row_gap&quot;:{&quot;unit&quot;:&quot;px&quot;,&quot;size&quot;:35,&quot;sizes&quot;:[]},&quot;cards_row_gap_tablet&quot;:{&quot;unit&quot;:&quot;px&quot;,&quot;size&quot;:&quot;&quot;,&quot;sizes&quot;:[]},&quot;cards_row_gap_mobile&quot;:{&quot;unit&quot;:&quot;px&quot;,&quot;size&quot;:&quot;&quot;,&quot;sizes&quot;:[]}}\" data-widget_type=\"posts.cards\">\n\t\t\t\t<div class=\"elementor-widget-container\">\n\t\t\t\t\t\t\t<div class=\"elementor-posts-container elementor-posts elementor-posts--skin-cards elementor-grid\" role=\"list\">\n\t\t\t\t<article class=\"elementor-post elementor-grid-item post-6634 post type-post status-publish format-standard has-post-thumbnail hentry category-marco-integrado category-sin-categorizar tag-cultivo tag-cultura tag-cultura-corporativa tag-exito tag-organizacion\" role=\"listitem\">\n\t\t\t<div class=\"elementor-post__card\">\n\t\t\t\t<a class=\"elementor-post__thumbnail__link\" href=\"https:\/\/positiveinquiry.com\/es\/cultivar-la-cultura-la-piedra-angular-del-exito-organizativo\/\" tabindex=\"-1\"><div class=\"elementor-post__thumbnail\"><img decoding=\"async\" width=\"768\" height=\"368\" src=\"https:\/\/positiveinquiry.com\/wp-content\/uploads\/2023\/06\/roundmap_shutterstock_124546972-768x368.jpg\" class=\"attachment-medium_large size-medium_large wp-image-5877\" alt=\"\" srcset=\"https:\/\/positiveinquiry.com\/wp-content\/uploads\/2023\/06\/roundmap_shutterstock_124546972-768x368.jpg 768w, https:\/\/positiveinquiry.com\/wp-content\/uploads\/2023\/06\/roundmap_shutterstock_124546972-300x144.jpg 300w, https:\/\/positiveinquiry.com\/wp-content\/uploads\/2023\/06\/roundmap_shutterstock_124546972-1024x491.jpg 1024w, https:\/\/positiveinquiry.com\/wp-content\/uploads\/2023\/06\/roundmap_shutterstock_124546972-1536x736.jpg 1536w, https:\/\/positiveinquiry.com\/wp-content\/uploads\/2023\/06\/roundmap_shutterstock_124546972.jpg 1800w\" sizes=\"(max-width: 768px) 100vw, 768px\" \/><\/div><\/a>\n\t\t\t\t<div class=\"elementor-post__text\">\n\t\t\t\t<h3 class=\"elementor-post__title\">\n\t\t\t<a href=\"https:\/\/positiveinquiry.com\/es\/cultivar-la-cultura-la-piedra-angular-del-exito-organizativo\/\">\n\t\t\t\tCultivar la cultura: La piedra angular del \u00e9xito organizativo\t\t\t<\/a>\n\t\t<\/h3>\n\t\t\t\t<div class=\"elementor-post__excerpt\">\n\t\t\t<p>En el complejo tapiz del \u00e9xito organizativo, la cultura destaca como motor fundamental, entretejiendo las aspiraciones colectivas y las acciones cotidianas de su gente. Esta<\/p>\n\t\t<\/div>\n\t\t\t\t<\/div>\n\t\t\t\t<div class=\"elementor-post__meta-data\">\n\t\t\t\t\t<span class=\"elementor-post-date\">\n\t\t\t14 de mayo de 2024\t\t<\/span>\n\t\t\t\t<span class=\"elementor-post-date\">\n\t\t\t14 de mayo de 2024\t\t<\/span>\n\t\t\t\t<\/div>\n\t\t\t\t\t<\/div>\n\t\t<\/article>\n\t\t\t\t<article class=\"elementor-post elementor-grid-item post-6139 post type-post status-publish format-standard has-post-thumbnail hentry category-sin-categorizar\" role=\"listitem\">\n\t\t\t<div class=\"elementor-post__card\">\n\t\t\t\t<a class=\"elementor-post__thumbnail__link\" href=\"https:\/\/positiveinquiry.com\/es\/investigacion-generativa\/\" tabindex=\"-1\"><div class=\"elementor-post__thumbnail\"><img decoding=\"async\" width=\"768\" height=\"444\" src=\"https:\/\/positiveinquiry.com\/wp-content\/uploads\/2023\/06\/licensed-by-cross-silo-shutterstock_2155229295-768x444.png\" class=\"attachment-medium_large size-medium_large wp-image-5923\" alt=\"\" srcset=\"https:\/\/positiveinquiry.com\/wp-content\/uploads\/2023\/06\/licensed-by-cross-silo-shutterstock_2155229295-768x444.png 768w, https:\/\/positiveinquiry.com\/wp-content\/uploads\/2023\/06\/licensed-by-cross-silo-shutterstock_2155229295-300x173.png 300w, https:\/\/positiveinquiry.com\/wp-content\/uploads\/2023\/06\/licensed-by-cross-silo-shutterstock_2155229295-1024x591.png 1024w, https:\/\/positiveinquiry.com\/wp-content\/uploads\/2023\/06\/licensed-by-cross-silo-shutterstock_2155229295-1536x887.png 1536w, https:\/\/positiveinquiry.com\/wp-content\/uploads\/2023\/06\/licensed-by-cross-silo-shutterstock_2155229295-2048x1183.png 2048w\" sizes=\"(max-width: 768px) 100vw, 768px\" \/><\/div><\/a>\n\t\t\t\t<div class=\"elementor-post__text\">\n\t\t\t\t<h3 class=\"elementor-post__title\">\n\t\t\t<a href=\"https:\/\/positiveinquiry.com\/es\/investigacion-generativa\/\">\n\t\t\t\tIndagaci\u00f3n Generativa: Aprovechar la fuerza colectiva para un cambio transformador\t\t\t<\/a>\n\t\t<\/h3>\n\t\t\t\t<div class=\"elementor-post__excerpt\">\n\t\t\t<p>La Indagaci\u00f3n Generativa hace hincapi\u00e9 en la Indagaci\u00f3n Positiva, una forma de preguntar y resolver problemas que se centra en generar nuevas percepciones, posibilidades y<\/p>\n\t\t<\/div>\n\t\t\t\t<\/div>\n\t\t\t\t<div class=\"elementor-post__meta-data\">\n\t\t\t\t\t<span class=\"elementor-post-date\">\n\t\t\t25 de junio de 2023\t\t<\/span>\n\t\t\t\t<span class=\"elementor-post-date\">\n\t\t\t18 de septiembre de 2023\t\t<\/span>\n\t\t\t\t<\/div>\n\t\t\t\t\t<\/div>\n\t\t<\/article>\n\t\t\t\t<article class=\"elementor-post elementor-grid-item post-6109 post type-post status-publish format-standard has-post-thumbnail hentry category-sin-categorizar\" role=\"listitem\">\n\t\t\t<div class=\"elementor-post__card\">\n\t\t\t\t<a class=\"elementor-post__thumbnail__link\" href=\"https:\/\/positiveinquiry.com\/es\/crecimiento-exponencial-al-compartir-informacion-sobre-los-clientes\/\" tabindex=\"-1\"><div class=\"elementor-post__thumbnail\"><img loading=\"lazy\" decoding=\"async\" width=\"768\" height=\"444\" src=\"https:\/\/positiveinquiry.com\/wp-content\/uploads\/2023\/06\/licensed-by-cross-silo-shutterstock_2155229295-1-768x444.png\" class=\"attachment-medium_large size-medium_large wp-image-5925\" alt=\"\" srcset=\"https:\/\/positiveinquiry.com\/wp-content\/uploads\/2023\/06\/licensed-by-cross-silo-shutterstock_2155229295-1-768x444.png 768w, https:\/\/positiveinquiry.com\/wp-content\/uploads\/2023\/06\/licensed-by-cross-silo-shutterstock_2155229295-1-300x173.png 300w, https:\/\/positiveinquiry.com\/wp-content\/uploads\/2023\/06\/licensed-by-cross-silo-shutterstock_2155229295-1-1024x591.png 1024w, https:\/\/positiveinquiry.com\/wp-content\/uploads\/2023\/06\/licensed-by-cross-silo-shutterstock_2155229295-1-1536x887.png 1536w, https:\/\/positiveinquiry.com\/wp-content\/uploads\/2023\/06\/licensed-by-cross-silo-shutterstock_2155229295-1-2048x1183.png 2048w\" sizes=\"(max-width: 768px) 100vw, 768px\" \/><\/div><\/a>\n\t\t\t\t<div class=\"elementor-post__text\">\n\t\t\t\t<h3 class=\"elementor-post__title\">\n\t\t\t<a href=\"https:\/\/positiveinquiry.com\/es\/crecimiento-exponencial-al-compartir-informacion-sobre-los-clientes\/\">\n\t\t\t\tCompartiendo Datos: El Motor del Crecimiento Exponencial en Negocios\t\t\t<\/a>\n\t\t<\/h3>\n\t\t\t\t<div class=\"elementor-post__excerpt\">\n\t\t\t<p>El libro de Heidi Gartner, \u00abSmarter Collaboration\u00bb, ofrece valiosas ideas sobre el poder de la colaboraci\u00f3n horizontal en el mundo interconectado de hoy. Gartner hace<\/p>\n\t\t<\/div>\n\t\t\t\t<\/div>\n\t\t\t\t<div class=\"elementor-post__meta-data\">\n\t\t\t\t\t<span class=\"elementor-post-date\">\n\t\t\t15 de junio de 2023\t\t<\/span>\n\t\t\t\t<span class=\"elementor-post-date\">\n\t\t\t24 de julio de 2023\t\t<\/span>\n\t\t\t\t<\/div>\n\t\t\t\t\t<\/div>\n\t\t<\/article>\n\t\t\t\t<article class=\"elementor-post elementor-grid-item post-6077 post type-post status-publish format-standard has-post-thumbnail hentry category-sin-categorizar\" role=\"listitem\">\n\t\t\t<div class=\"elementor-post__card\">\n\t\t\t\t<a class=\"elementor-post__thumbnail__link\" href=\"https:\/\/positiveinquiry.com\/es\/la-base-para-un-trabajo-en-equipo-positivo\/\" tabindex=\"-1\"><div class=\"elementor-post__thumbnail\"><img loading=\"lazy\" decoding=\"async\" width=\"768\" height=\"512\" src=\"https:\/\/positiveinquiry.com\/wp-content\/uploads\/2023\/05\/licensed_by_CROSS_SILO_shutterstock_1307524558-768x512.jpg\" class=\"attachment-medium_large size-medium_large wp-image-5733\" alt=\"\" srcset=\"https:\/\/positiveinquiry.com\/wp-content\/uploads\/2023\/05\/licensed_by_CROSS_SILO_shutterstock_1307524558-768x512.jpg 768w, https:\/\/positiveinquiry.com\/wp-content\/uploads\/2023\/05\/licensed_by_CROSS_SILO_shutterstock_1307524558-300x200.jpg 300w, https:\/\/positiveinquiry.com\/wp-content\/uploads\/2023\/05\/licensed_by_CROSS_SILO_shutterstock_1307524558-1024x683.jpg 1024w, https:\/\/positiveinquiry.com\/wp-content\/uploads\/2023\/05\/licensed_by_CROSS_SILO_shutterstock_1307524558-1536x1025.jpg 1536w, https:\/\/positiveinquiry.com\/wp-content\/uploads\/2023\/05\/licensed_by_CROSS_SILO_shutterstock_1307524558-2048x1366.jpg 2048w\" sizes=\"(max-width: 768px) 100vw, 768px\" \/><\/div><\/a>\n\t\t\t\t<div class=\"elementor-post__text\">\n\t\t\t\t<h3 class=\"elementor-post__title\">\n\t\t\t<a href=\"https:\/\/positiveinquiry.com\/es\/la-base-para-un-trabajo-en-equipo-positivo\/\">\n\t\t\t\tLa base para un trabajo en equipo positivo\t\t\t<\/a>\n\t\t<\/h3>\n\t\t\t\t<div class=\"elementor-post__excerpt\">\n\t\t\t<p>En su influyente libro \u00abEl poder de los equipos positivos\u00bb, Jon Gordon ofrece valiosas ideas para fomentar un trabajo en equipo eficaz y aprovechar el<\/p>\n\t\t<\/div>\n\t\t\t\t<\/div>\n\t\t\t\t<div class=\"elementor-post__meta-data\">\n\t\t\t\t\t<span class=\"elementor-post-date\">\n\t\t\t15 de junio de 2023\t\t<\/span>\n\t\t\t\t<span class=\"elementor-post-date\">\n\t\t\t20 de julio de 2023\t\t<\/span>\n\t\t\t\t<\/div>\n\t\t\t\t\t<\/div>\n\t\t<\/article>\n\t\t\t\t<\/div>\n\t\t\n\t\t\t\t\t\t<\/div>\n\t\t\t\t<\/div>\n\t\t\t\t<\/div>\n\t\t\t\t\t<\/div>\n\t\t\t\t<\/div>\n\t\t\t\t<\/div>\n\t\t","protected":false},"excerpt":{"rendered":"<p>Potenciemos futuros, transformando vidas. Bienvenido a nuestra p\u00e1gina web. La investigaci\u00f3n sugiere que en tiempos de velocidad, incertidumbre, complejidad y ambig\u00fcedad sin precedentes (o ), los l\u00edderes deben cambiar su mentalidad y pasar de la soluci\u00f3n de problemas aislados a la b\u00fasqueda de soluciones para todo el sistema. Con los r\u00e1pidos avances de la Inteligencia [&hellip;]<\/p>\n","protected":false},"author":1,"featured_media":5909,"parent":0,"menu_order":0,"comment_status":"closed","ping_status":"closed","template":"","meta":{"content-type":"","footnotes":""},"class_list":["post-5942","page","type-page","status-publish","has-post-thumbnail","hentry"],"_links":{"self":[{"href":"https:\/\/positiveinquiry.com\/es\/wp-json\/wp\/v2\/pages\/5942","targetHints":{"allow":["GET"]}}],"collection":[{"href":"https:\/\/positiveinquiry.com\/es\/wp-json\/wp\/v2\/pages"}],"about":[{"href":"https:\/\/positiveinquiry.com\/es\/wp-json\/wp\/v2\/types\/page"}],"author":[{"embeddable":true,"href":"https:\/\/positiveinquiry.com\/es\/wp-json\/wp\/v2\/users\/1"}],"replies":[{"embeddable":true,"href":"https:\/\/positiveinquiry.com\/es\/wp-json\/wp\/v2\/comments?post=5942"}],"version-history":[{"count":0,"href":"https:\/\/positiveinquiry.com\/es\/wp-json\/wp\/v2\/pages\/5942\/revisions"}],"wp:featuredmedia":[{"embeddable":true,"href":"https:\/\/positiveinquiry.com\/es\/wp-json\/wp\/v2\/media\/5909"}],"wp:attachment":[{"href":"https:\/\/positiveinquiry.com\/es\/wp-json\/wp\/v2\/media?parent=5942"}],"curies":[{"name":"wp","href":"https:\/\/api.w.org\/{rel}","templated":true}]}}